{"id":469,"date":"2016-12-01T14:55:47","date_gmt":"2016-12-01T12:55:47","guid":{"rendered":"http:\/\/www.skanssinapteekki.fi\/?page_id=469\/"},"modified":"2025-04-03T11:20:18","modified_gmt":"2025-04-03T08:20:18","slug":"angebote","status":"publish","type":"page","link":"https:\/\/www.skanssinapteekki.fi\/de\/angebote\/","title":{"rendered":"Angebote"},"content":{"rendered":"<div class=\"wpb-content-wrapper\"><p>[vc_row][vc_column width=&#8220;1\/2&#8243;][vc_column_text el_class=&#8220;lead&#8220;]<\/p>\n<h2>Nutzen Sie unsere Angebote.<\/h2>\n<p>[\/vc_column_text][\/vc_column][vc_column width=&#8220;1\/2&#8243;][vc_single_image media=&#8220;109&#8243; media_width_use_pixel=&#8220;yes&#8220; alignment=&#8220;center&#8220; media_width_pixel=&#8220;360&#8243;][\/vc_column][\/vc_row][vc_row row_height_percent=&#8220;0&#8243; back_color=&#8220;color-gyho&#8220; overlay_alpha=&#8220;50&#8243; gutter_size=&#8220;3&#8243; shift_y=&#8220;0&#8243;][vc_column column_width_percent=&#8220;100&#8243; overlay_alpha=&#8220;50&#8243; gutter_size=&#8220;3&#8243; medium_width=&#8220;0&#8243; shift_x=&#8220;0&#8243; shift_y=&#8220;0&#8243; z_index=&#8220;0&#8243; width=&#8220;1\/1&#8243;][vc_column_text]\n\n\n<div id=\"wpv-view-layout-68\" class=\"js-wpv-view-layout js-wpv-layout-responsive js-wpv-view-layout-68\" data-viewnumber=\"68\" data-pagination=\"{&quot;id&quot;:68,&quot;query&quot;:&quot;normal&quot;,&quot;type&quot;:&quot;disabled&quot;,&quot;effect&quot;:&quot;fade&quot;,&quot;duration&quot;:500,&quot;speed&quot;:5,&quot;pause_on_hover&quot;:&quot;disabled&quot;,&quot;stop_rollover&quot;:&quot;false&quot;,&quot;cache_pages&quot;:&quot;enabled&quot;,&quot;preload_images&quot;:&quot;enabled&quot;,&quot;preload_pages&quot;:&quot;enabled&quot;,&quot;preload_reach&quot;:1,&quot;spinner&quot;:&quot;builtin&quot;,&quot;spinner_image&quot;:&quot;https:\/\/www.skanssinapteekki.fi\/wp-content\/plugins\/wp-views\/res\/img\/ajax-loader.gif&quot;,&quot;callback_next&quot;:&quot;&quot;,&quot;manage_history&quot;:&quot;enabled&quot;,&quot;has_controls_in_form&quot;:&quot;disabled&quot;,&quot;infinite_tolerance&quot;:&quot;0&quot;,&quot;max_pages&quot;:0,&quot;page&quot;:1,&quot;base_permalink&quot;:&quot;\/de\/wp-json\/wp\/v2\/pages\/469?wpv_view_count=68&amp;wpv_paged=WPV_PAGE_NUM&quot;,&quot;loop&quot;:{&quot;type&quot;:&quot;&quot;,&quot;name&quot;:&quot;&quot;,&quot;data&quot;:[],&quot;id&quot;:0}}\" data-permalink=\"\/de\/wp-json\/wp\/v2\/pages\/469?wpv_view_count=68\">\n\n\t\n\t\n\t\t<strong>Ei tarjouksia t\u00e4ll\u00e4hetkell\u00e4.<\/strong>\n\t\n<\/div>\n[\/vc_column_text][\/vc_column][\/vc_row]<\/p>\n<\/div>","protected":false},"excerpt":{"rendered":"<p>[vc_row][vc_column width=&#8220;1\/2&#8243;][vc_column_text el_class=&#8220;lead&#8220;] Nutzen Sie unsere Angebote. [\/vc_column_text][\/vc_column][vc_column width=&#8220;1\/2&#8243;][vc_single_image media=&#8220;109&#8243; media_width_use_pixel=&#8220;yes&#8220; alignment=&#8220;center&#8220; media_width_pixel=&#8220;360&#8243;][\/vc_column][\/vc_row][vc_row row_height_percent=&#8220;0&#8243; back_color=&#8220;color-gyho&#8220; overlay_alpha=&#8220;50&#8243; gutter_size=&#8220;3&#8243; shift_y=&#8220;0&#8243;][vc_column column_width_percent=&#8220;100&#8243; overlay_alpha=&#8220;50&#8243; [&hellip;]<\/p>\n","protected":false},"author":1,"featured_media":5578,"parent":0,"menu_order":18,"comment_status":"closed","ping_status":"closed","template":"","meta":{"footnotes":""},"class_list":["post-469","page","type-page","status-publish","has-post-thumbnail","hentry"],"publishpress_future_action":{"enabled":false,"date":"2026-05-03 14:42:56","action":"change-status","newStatus":"draft","terms":[],"taxonomy":"page_category","extraData":[]},"publishpress_future_workflow_manual_trigger":{"enabledWorkflows":[]},"_links":{"self":[{"href":"https:\/\/www.skanssinapteekki.fi\/de\/wp-json\/wp\/v2\/pages\/469","targetHints":{"allow":["GET"]}}],"collection":[{"href":"https:\/\/www.skanssinapteekki.fi\/de\/wp-json\/wp\/v2\/pages"}],"about":[{"href":"https:\/\/www.skanssinapteekki.fi\/de\/wp-json\/wp\/v2\/types\/page"}],"author":[{"embeddable":true,"href":"https:\/\/www.skanssinapteekki.fi\/de\/wp-json\/wp\/v2\/users\/1"}],"replies":[{"embeddable":true,"href":"https:\/\/www.skanssinapteekki.fi\/de\/wp-json\/wp\/v2\/comments?post=469"}],"version-history":[{"count":1,"href":"https:\/\/www.skanssinapteekki.fi\/de\/wp-json\/wp\/v2\/pages\/469\/revisions"}],"predecessor-version":[{"id":470,"href":"https:\/\/www.skanssinapteekki.fi\/de\/wp-json\/wp\/v2\/pages\/469\/revisions\/470"}],"wp:featuredmedia":[{"embeddable":true,"href":"https:\/\/www.skanssinapteekki.fi\/de\/wp-json\/wp\/v2\/media\/5578"}],"wp:attachment":[{"href":"https:\/\/www.skanssinapteekki.fi\/de\/wp-json\/wp\/v2\/media?parent=469"}],"curies":[{"name":"wp","href":"https:\/\/api.w.org\/{rel}","templated":true}]}}