{"id":508,"date":"2016-12-02T10:27:49","date_gmt":"2016-12-02T08:27:49","guid":{"rendered":"http:\/\/www.skanssinapteekki.fi\/?page_id=508\/"},"modified":"2016-12-02T10:27:49","modified_gmt":"2016-12-02T08:27:49","slug":"efectuacion-de-medicamentos-con-receta-y-renovacion-de-recetas","status":"publish","type":"page","link":"https:\/\/www.skanssinapteekki.fi\/es\/servicios\/efectuacion-de-medicamentos-con-receta-y-renovacion-de-recetas\/","title":{"rendered":"Efectuaci\u00f3n de medicamentos con receta y renovaci\u00f3n de recetas"},"content":{"rendered":"<div class=\"wpb-content-wrapper\"><p>[vc_row][vc_column column_width_percent=\u00bb100&#8243; overlay_alpha=\u00bb50&#8243; gutter_size=\u00bb3&#8243; medium_width=\u00bb0&#8243; shift_x=\u00bb0&#8243; shift_y=\u00bb0&#8243; z_index=\u00bb0&#8243; width=\u00bb1\/4&#8243; el_class=\u00bbsivupalkki\u00bb][vc_column_text]<\/p>\n<h3>Servicios<\/h3>\n<p>[\/vc_column_text][vc_column_text]<!-- Widget Shortcode --><div id=\"my_avatar-2\" class=\"widget widget_fiat_sidebar_nav widget-shortcode area-arbitrary \">           \t<ul class=\"page-list\">\n\t\t\t\t<li class=\"page_item page-item-508\"><a href=\"https:\/\/www.skanssinapteekki.fi\/es\/servicios\/efectuacion-de-medicamentos-con-receta-y-renovacion-de-recetas\/\">Efectuaci\u00f3n de medicamentos con receta y renovaci\u00f3n de recetas<\/a><\/li>\n<li class=\"page_item page-item-516\"><a href=\"https:\/\/www.skanssinapteekki.fi\/es\/servicios\/retribucion-de-medicamentos\/\">Retribuci\u00f3n de medicamentos<\/a><\/li>\n<li class=\"page_item page-item-526\"><a href=\"https:\/\/www.skanssinapteekki.fi\/es\/servicios\/schengen-todistus\/\">Certificado m\u00e9dico de los pa\u00edses del espacio Schengen<\/a><\/li>\n<li class=\"page_item page-item-539\"><a href=\"https:\/\/www.skanssinapteekki.fi\/es\/servicios\/tarjeta-personal-de-medicamentos\/\">Tarjeta personal de medicamentos<\/a><\/li>\n<li class=\"page_item page-item-543\"><a href=\"https:\/\/www.skanssinapteekki.fi\/es\/servicios\/valoracion-completa-de-la-medicacion\/\">Valoraci\u00f3n completa de la medicaci\u00f3n<\/a><\/li>\n\t\t\t<\/ul>\n        <\/div><!-- \/Widget Shortcode -->[\/vc_column_text][\/vc_column][vc_column width=\u00bb3\/4&#8243;][vc_column_text]<\/p>\n<h2>Efectuaci\u00f3n de medicamentos con receta y renovaci\u00f3n de recetas<\/h2>\n<p>Para adquirir un medicamento con receta, en nuestra farmacia hay cuatro puntos de venta. En los puntos de venta de productos directos al consumidor podr\u00e1 hablar tranquilamente sobre las posibles dudas que tiene sobre su medicaci\u00f3n en forma personal y sin disturbios puesto que nuestro personal tiene obligaci\u00f3n del sigilo. Una \u00fanica persona recibe la receta, verifica y entrega los medicamentos, adem\u00e1s de dar consejos sobre el uso de los mismos. Para tener una medicaci\u00f3n acertada nuestro farmac\u00e9utico siempre verifica las posibles interacciones con otros medicamentos usados por el cliente.<\/p>\n<p>Guardamos en nuestro sistema de datos la informaci\u00f3n de las recetas efectuadas durante aproximadamente un a\u00f1o. Cuando haga tr\u00e1mites en nuestra farmacia de nuevo esta informaci\u00f3n guardada hace que el servicio de medicaci\u00f3n en la farmacia sea m\u00e1s r\u00e1pido y eficaz.<\/p>\n<p>La receta tiene validez de un a\u00f1o a partir de la fecha de su inscripci\u00f3n o renovaci\u00f3n, siempre y cuando sobra el medicamento. Despu\u00e9s de esto hace falta renovar la receta aunque a\u00fan quedaran medicamentos en la receta. Si en su situaci\u00f3n no hace falta ir a la consulta del m\u00e9dico, podemos renovar su receta. La renovaci\u00f3n de la receta dura aproximadamente de 1 a 7 d\u00edas. No se puede renovar todas las recetas en la farmacia.<\/p>\n<p>La renovaci\u00f3n de recetas cuesta cuatro euros.<\/p>\n<p>[\/vc_column_text][\/vc_column][\/vc_row]<\/p>\n<\/div>","protected":false},"excerpt":{"rendered":"<p>[vc_row][vc_column column_width_percent=\u00bb100&#8243; overlay_alpha=\u00bb50&#8243; gutter_size=\u00bb3&#8243; medium_width=\u00bb0&#8243; shift_x=\u00bb0&#8243; shift_y=\u00bb0&#8243; z_index=\u00bb0&#8243; width=\u00bb1\/4&#8243; el_class=\u00bbsivupalkki\u00bb][vc_column_text] Servicios [\/vc_column_text][vc_column_text][\/vc_column_text][\/vc_column][vc_column width=\u00bb3\/4&#8243;][vc_column_text] Efectuaci\u00f3n de medicamentos con receta y renovaci\u00f3n [&hellip;]<\/p>\n","protected":false},"author":1,"featured_media":0,"parent":475,"menu_order":37,"comment_status":"closed","ping_status":"closed","template":"","meta":{"footnotes":""},"class_list":["post-508","page","type-page","status-publish","hentry"],"publishpress_future_action":{"enabled":false,"date":"2026-04-12 19:11:48","action":"change-status","newStatus":"draft","terms":[],"taxonomy":"page_category","extraData":[]},"publishpress_future_workflow_manual_trigger":{"enabledWorkflows":[]},"_links":{"self":[{"href":"https:\/\/www.skanssinapteekki.fi\/es\/wp-json\/wp\/v2\/pages\/508","targetHints":{"allow":["GET"]}}],"collection":[{"href":"https:\/\/www.skanssinapteekki.fi\/es\/wp-json\/wp\/v2\/pages"}],"about":[{"href":"https:\/\/www.skanssinapteekki.fi\/es\/wp-json\/wp\/v2\/types\/page"}],"author":[{"embeddable":true,"href":"https:\/\/www.skanssinapteekki.fi\/es\/wp-json\/wp\/v2\/users\/1"}],"replies":[{"embeddable":true,"href":"https:\/\/www.skanssinapteekki.fi\/es\/wp-json\/wp\/v2\/comments?post=508"}],"version-history":[{"count":1,"href":"https:\/\/www.skanssinapteekki.fi\/es\/wp-json\/wp\/v2\/pages\/508\/revisions"}],"predecessor-version":[{"id":509,"href":"https:\/\/www.skanssinapteekki.fi\/es\/wp-json\/wp\/v2\/pages\/508\/revisions\/509"}],"up":[{"embeddable":true,"href":"https:\/\/www.skanssinapteekki.fi\/es\/wp-json\/wp\/v2\/pages\/475"}],"wp:attachment":[{"href":"https:\/\/www.skanssinapteekki.fi\/es\/wp-json\/wp\/v2\/media?parent=508"}],"curies":[{"name":"wp","href":"https:\/\/api.w.org\/{rel}","templated":true}]}}