{"id":516,"date":"2016-12-02T10:44:16","date_gmt":"2016-12-02T08:44:16","guid":{"rendered":"http:\/\/www.skanssinapteekki.fi\/?page_id=516\/"},"modified":"2016-12-02T10:44:16","modified_gmt":"2016-12-02T08:44:16","slug":"retribucion-de-medicamentos","status":"publish","type":"page","link":"https:\/\/www.skanssinapteekki.fi\/es\/servicios\/retribucion-de-medicamentos\/","title":{"rendered":"Retribuci\u00f3n de medicamentos"},"content":{"rendered":"<div class=\"wpb-content-wrapper\"><p>[vc_row][vc_column column_width_percent=\u00bb100&#8243; overlay_alpha=\u00bb50&#8243; gutter_size=\u00bb3&#8243; medium_width=\u00bb0&#8243; shift_x=\u00bb0&#8243; shift_y=\u00bb0&#8243; z_index=\u00bb0&#8243; width=\u00bb1\/4&#8243; el_class=\u00bbsivupalkki\u00bb][vc_column_text]<\/p>\n<h3>Servicios<\/h3>\n<p>[\/vc_column_text][vc_column_text]<!-- Widget Shortcode --><div id=\"my_avatar-2\" class=\"widget widget_fiat_sidebar_nav widget-shortcode area-arbitrary \">           \t<ul class=\"page-list\">\n\t\t\t\t<li class=\"page_item page-item-508\"><a href=\"https:\/\/www.skanssinapteekki.fi\/es\/servicios\/efectuacion-de-medicamentos-con-receta-y-renovacion-de-recetas\/\">Efectuaci\u00f3n de medicamentos con receta y renovaci\u00f3n de recetas<\/a><\/li>\n<li class=\"page_item page-item-516\"><a href=\"https:\/\/www.skanssinapteekki.fi\/es\/servicios\/retribucion-de-medicamentos\/\">Retribuci\u00f3n de medicamentos<\/a><\/li>\n<li class=\"page_item page-item-526\"><a href=\"https:\/\/www.skanssinapteekki.fi\/es\/servicios\/schengen-todistus\/\">Certificado m\u00e9dico de los pa\u00edses del espacio Schengen<\/a><\/li>\n<li class=\"page_item page-item-539\"><a href=\"https:\/\/www.skanssinapteekki.fi\/es\/servicios\/tarjeta-personal-de-medicamentos\/\">Tarjeta personal de medicamentos<\/a><\/li>\n<li class=\"page_item page-item-543\"><a href=\"https:\/\/www.skanssinapteekki.fi\/es\/servicios\/valoracion-completa-de-la-medicacion\/\">Valoraci\u00f3n completa de la medicaci\u00f3n<\/a><\/li>\n\t\t\t<\/ul>\n        <\/div><!-- \/Widget Shortcode -->[\/vc_column_text][\/vc_column][vc_column width=\u00bb3\/4&#8243;][vc_column_text]<\/p>\n<h2>Retribuci\u00f3n de medicamentos<\/h2>\n<p>Retribuci\u00f3n de medicamentos es un servicio en el que el cliente recibe las pastillas y c\u00e1psulas que toma a forma regular empaquetados en bolsos de pl\u00e1stico normalmente por cada dos semanas.<\/p>\n<p>La retribuci\u00f3n de medicamentos mejora la seguridad de medicaci\u00f3n, promueve la eficacia de la medicaci\u00f3n y disminuye los gastos. Este servicio es conveniente a las personas que por ejemplo utilizan continuamente muchos medicamentos o que tienen dificultades en la dosificaci\u00f3n de medicamentos de cada d\u00eda.<\/p>\n<p>En el servicio est\u00e1 incluida la verificaci\u00f3n de la medicaci\u00f3n completa del cliente. Con la verificaci\u00f3n de la medicaci\u00f3n completa es posible anular posibles combinaciones de medicamentos da\u00f1inos y disminuir la medicaci\u00f3n de muchos pacientes.<br \/>\nLa retribuci\u00f3n de medicamentos vale 10 euros por una semana.<\/p>\n<p>[\/vc_column_text][\/vc_column][\/vc_row]<\/p>\n<\/div>","protected":false},"excerpt":{"rendered":"<p>[vc_row][vc_column column_width_percent=\u00bb100&#8243; overlay_alpha=\u00bb50&#8243; gutter_size=\u00bb3&#8243; medium_width=\u00bb0&#8243; shift_x=\u00bb0&#8243; shift_y=\u00bb0&#8243; z_index=\u00bb0&#8243; width=\u00bb1\/4&#8243; el_class=\u00bbsivupalkki\u00bb][vc_column_text] Servicios [\/vc_column_text][vc_column_text][\/vc_column_text][\/vc_column][vc_column width=\u00bb3\/4&#8243;][vc_column_text] Retribuci\u00f3n de medicamentos Retribuci\u00f3n de medicamentos es [&hellip;]<\/p>\n","protected":false},"author":1,"featured_media":0,"parent":475,"menu_order":41,"comment_status":"closed","ping_status":"closed","template":"","meta":{"footnotes":""},"class_list":["post-516","page","type-page","status-publish","hentry"],"publishpress_future_action":{"enabled":false,"date":"2026-04-12 15:28:30","action":"change-status","newStatus":"draft","terms":[],"taxonomy":"page_category","extraData":[]},"publishpress_future_workflow_manual_trigger":{"enabledWorkflows":[]},"_links":{"self":[{"href":"https:\/\/www.skanssinapteekki.fi\/es\/wp-json\/wp\/v2\/pages\/516","targetHints":{"allow":["GET"]}}],"collection":[{"href":"https:\/\/www.skanssinapteekki.fi\/es\/wp-json\/wp\/v2\/pages"}],"about":[{"href":"https:\/\/www.skanssinapteekki.fi\/es\/wp-json\/wp\/v2\/types\/page"}],"author":[{"embeddable":true,"href":"https:\/\/www.skanssinapteekki.fi\/es\/wp-json\/wp\/v2\/users\/1"}],"replies":[{"embeddable":true,"href":"https:\/\/www.skanssinapteekki.fi\/es\/wp-json\/wp\/v2\/comments?post=516"}],"version-history":[{"count":1,"href":"https:\/\/www.skanssinapteekki.fi\/es\/wp-json\/wp\/v2\/pages\/516\/revisions"}],"predecessor-version":[{"id":517,"href":"https:\/\/www.skanssinapteekki.fi\/es\/wp-json\/wp\/v2\/pages\/516\/revisions\/517"}],"up":[{"embeddable":true,"href":"https:\/\/www.skanssinapteekki.fi\/es\/wp-json\/wp\/v2\/pages\/475"}],"wp:attachment":[{"href":"https:\/\/www.skanssinapteekki.fi\/es\/wp-json\/wp\/v2\/media?parent=516"}],"curies":[{"name":"wp","href":"https:\/\/api.w.org\/{rel}","templated":true}]}}