{"id":539,"date":"2016-12-02T11:12:36","date_gmt":"2016-12-02T09:12:36","guid":{"rendered":"http:\/\/www.skanssinapteekki.fi\/?page_id=539\/"},"modified":"2016-12-02T11:12:36","modified_gmt":"2016-12-02T09:12:36","slug":"tarjeta-personal-de-medicamentos","status":"publish","type":"page","link":"https:\/\/www.skanssinapteekki.fi\/es\/servicios\/tarjeta-personal-de-medicamentos\/","title":{"rendered":"Tarjeta personal de medicamentos"},"content":{"rendered":"<div class=\"wpb-content-wrapper\"><p>[vc_row][vc_column column_width_percent=\u00bb100&#8243; overlay_alpha=\u00bb50&#8243; gutter_size=\u00bb3&#8243; medium_width=\u00bb0&#8243; shift_x=\u00bb0&#8243; shift_y=\u00bb0&#8243; z_index=\u00bb0&#8243; width=\u00bb1\/4&#8243; el_class=\u00bbsivupalkki\u00bb][vc_column_text]<\/p>\n<h3>Servicios<\/h3>\n<p>[\/vc_column_text][vc_column_text]<!-- Widget Shortcode --><div id=\"my_avatar-2\" class=\"widget widget_fiat_sidebar_nav widget-shortcode area-arbitrary \">           \t<ul class=\"page-list\">\n\t\t\t\t<li class=\"page_item page-item-508\"><a href=\"https:\/\/www.skanssinapteekki.fi\/es\/servicios\/efectuacion-de-medicamentos-con-receta-y-renovacion-de-recetas\/\">Efectuaci\u00f3n de medicamentos con receta y renovaci\u00f3n de recetas<\/a><\/li>\n<li class=\"page_item page-item-516\"><a href=\"https:\/\/www.skanssinapteekki.fi\/es\/servicios\/retribucion-de-medicamentos\/\">Retribuci\u00f3n de medicamentos<\/a><\/li>\n<li class=\"page_item page-item-526\"><a href=\"https:\/\/www.skanssinapteekki.fi\/es\/servicios\/schengen-todistus\/\">Certificado m\u00e9dico de los pa\u00edses del espacio Schengen<\/a><\/li>\n<li class=\"page_item page-item-539\"><a href=\"https:\/\/www.skanssinapteekki.fi\/es\/servicios\/tarjeta-personal-de-medicamentos\/\">Tarjeta personal de medicamentos<\/a><\/li>\n<li class=\"page_item page-item-543\"><a href=\"https:\/\/www.skanssinapteekki.fi\/es\/servicios\/valoracion-completa-de-la-medicacion\/\">Valoraci\u00f3n completa de la medicaci\u00f3n<\/a><\/li>\n\t\t\t<\/ul>\n        <\/div><!-- \/Widget Shortcode -->[\/vc_column_text][\/vc_column][vc_column width=\u00bb3\/4&#8243;][vc_column_text]<\/p>\n<h2>Tarjeta personal de medicamentos<\/h2>\n<p>Podemos tambi\u00e9n imprimirle una tarjeta personal de medicamentos. En la tarjeta se describen todos los medicamentos con receta comprados en nuestra farmacia durante un a\u00f1o. En la tarjeta personal de medicamentos es posible incluir tambi\u00e9n los productos de automedicaci\u00f3n comprados sin receta y las hipersensibilidades del paciente.<\/p>\n<p>El certificado cuesta cinco euros.<\/p>\n<p>[\/vc_column_text][\/vc_column][\/vc_row]<\/p>\n<\/div>","protected":false},"excerpt":{"rendered":"<p>[vc_row][vc_column column_width_percent=\u00bb100&#8243; overlay_alpha=\u00bb50&#8243; gutter_size=\u00bb3&#8243; medium_width=\u00bb0&#8243; shift_x=\u00bb0&#8243; shift_y=\u00bb0&#8243; z_index=\u00bb0&#8243; width=\u00bb1\/4&#8243; el_class=\u00bbsivupalkki\u00bb][vc_column_text] Servicios [\/vc_column_text][vc_column_text][\/vc_column_text][\/vc_column][vc_column width=\u00bb3\/4&#8243;][vc_column_text] Tarjeta personal de medicamentos Podemos tambi\u00e9n imprimirle [&hellip;]<\/p>\n","protected":false},"author":1,"featured_media":0,"parent":475,"menu_order":60,"comment_status":"closed","ping_status":"closed","template":"","meta":{"footnotes":""},"class_list":["post-539","page","type-page","status-publish","hentry"],"publishpress_future_action":{"enabled":false,"date":"2026-05-23 08:00:56","action":"change-status","newStatus":"draft","terms":[],"taxonomy":"page_category","extraData":[]},"publishpress_future_workflow_manual_trigger":{"enabledWorkflows":[]},"_links":{"self":[{"href":"https:\/\/www.skanssinapteekki.fi\/es\/wp-json\/wp\/v2\/pages\/539","targetHints":{"allow":["GET"]}}],"collection":[{"href":"https:\/\/www.skanssinapteekki.fi\/es\/wp-json\/wp\/v2\/pages"}],"about":[{"href":"https:\/\/www.skanssinapteekki.fi\/es\/wp-json\/wp\/v2\/types\/page"}],"author":[{"embeddable":true,"href":"https:\/\/www.skanssinapteekki.fi\/es\/wp-json\/wp\/v2\/users\/1"}],"replies":[{"embeddable":true,"href":"https:\/\/www.skanssinapteekki.fi\/es\/wp-json\/wp\/v2\/comments?post=539"}],"version-history":[{"count":1,"href":"https:\/\/www.skanssinapteekki.fi\/es\/wp-json\/wp\/v2\/pages\/539\/revisions"}],"predecessor-version":[{"id":540,"href":"https:\/\/www.skanssinapteekki.fi\/es\/wp-json\/wp\/v2\/pages\/539\/revisions\/540"}],"up":[{"embeddable":true,"href":"https:\/\/www.skanssinapteekki.fi\/es\/wp-json\/wp\/v2\/pages\/475"}],"wp:attachment":[{"href":"https:\/\/www.skanssinapteekki.fi\/es\/wp-json\/wp\/v2\/media?parent=539"}],"curies":[{"name":"wp","href":"https:\/\/api.w.org\/{rel}","templated":true}]}}