{"id":504,"date":"2016-12-02T10:21:46","date_gmt":"2016-12-02T08:21:46","guid":{"rendered":"http:\/\/www.skanssinapteekki.fi\/?page_id=504\/"},"modified":"2016-12-02T10:21:46","modified_gmt":"2016-12-02T08:21:46","slug":"dispensation-de-medicaments-sur-ordonnance-et-renouvellement-dordonnance","status":"publish","type":"page","link":"https:\/\/www.skanssinapteekki.fi\/fr\/services\/dispensation-de-medicaments-sur-ordonnance-et-renouvellement-dordonnance\/","title":{"rendered":"Dispensation de m\u00e9dicaments sur ordonnance et renouvellement d&rsquo;ordonnance"},"content":{"rendered":"<div class=\"wpb-content-wrapper\"><p>[vc_row][vc_column column_width_percent=\u00a0\u00bb100&Prime; overlay_alpha=\u00a0\u00bb50&Prime; gutter_size=\u00a0\u00bb3&Prime; medium_width=\u00a0\u00bb0&Prime; shift_x=\u00a0\u00bb0&Prime; shift_y=\u00a0\u00bb0&Prime; z_index=\u00a0\u00bb0&Prime; width=\u00a0\u00bb1\/4&Prime; el_class=\u00a0\u00bbsivupalkki\u00a0\u00bb][vc_column_text]<\/p>\n<h3>Services<\/h3>\n<p>[\/vc_column_text][vc_column_text]<!-- Widget Shortcode --><div id=\"my_avatar-2\" class=\"widget widget_fiat_sidebar_nav widget-shortcode area-arbitrary \">           \t<ul class=\"page-list\">\n\t\t\t\t<li class=\"page_item page-item-504\"><a href=\"https:\/\/www.skanssinapteekki.fi\/fr\/services\/dispensation-de-medicaments-sur-ordonnance-et-renouvellement-dordonnance\/\">Dispensation de m\u00e9dicaments sur ordonnance et renouvellement d&rsquo;ordonnance<\/a><\/li>\n<li class=\"page_item page-item-512\"><a href=\"https:\/\/www.skanssinapteekki.fi\/fr\/services\/koneellinen-annosjakelu\/\">Koneellinen annosjakelu<\/a><\/li>\n<li class=\"page_item page-item-520\"><a href=\"https:\/\/www.skanssinapteekki.fi\/fr\/services\/schengen-certificat-medical\/\">Schengen certificat m\u00e9dical<\/a><\/li>\n<li class=\"page_item page-item-537\"><a href=\"https:\/\/www.skanssinapteekki.fi\/fr\/services\/carte-medicale-personnelle\/\">Carte m\u00e9dicale personnelle<\/a><\/li>\n<li class=\"page_item page-item-541\"><a href=\"https:\/\/www.skanssinapteekki.fi\/fr\/services\/evaluation-globale-de-la-medication\/\">\u00c9valuation globale de la m\u00e9dication<\/a><\/li>\n\t\t\t<\/ul>\n        <\/div><!-- \/Widget Shortcode -->[\/vc_column_text][\/vc_column][vc_column width=\u00a0\u00bb3\/4&Prime;][vc_column_text]<\/p>\n<h2>Dispensation de m\u00e9dicaments sur ordonnance et renouvellement d&rsquo;ordonnance<\/h2>\n<p>Dans la pharmacie il y a 4 places pour la dispensation de m\u00e9dicaments sur ordonnance. Dans ces places, vous pourrez tranquillement parler de vos probl\u00e8mes li\u00e9s \u00e0 la m\u00e9dication avec un pharmacien, parce que notre personnel est tenu au secret professionnel. Une personne re\u00e7oit l&rsquo;ordonnance, la v\u00e9rifie et d\u00e9livre les m\u00e9dicaments ainsi que donne des conseils sur leur utilisation. Pour assurer le succ\u00e8s de la m\u00e9dication nous v\u00e9rifions toujours les interactions m\u00e9dicamenteuses.<\/p>\n<p>Nous conservons les informations des ordonnances dans notre syst\u00e8me pendant une ann\u00e9e. Ces informations font vos futures visites plus rapides et nous aident \u00e0 donner des conseils sur l&rsquo;utilisation des m\u00e9dicaments.<\/p>\n<p>Une ordonnance est valable une ann\u00e9e apr\u00e8s qu&rsquo;il a \u00e9t\u00e9 prescrit ou renouvel\u00e9e \u00e0 condition qu&rsquo;il reste du m\u00e9dicament dans l\u2019ordonnance. Apr\u00e8s une ann\u00e9e, une ordonnance doit \u00eatre renouvel\u00e9e, m\u00eame s\u2019il reste du m\u00e9dicament dans l&rsquo;ordonnance. Si n\u00e9cessaire, nous pouvons renouveler votre ordonnance, si votre situation ne n\u00e9cessite pas de visite chez un m\u00e9decin. Il prend en moyenne de 1 \u00e0 7 jours de renouveler une ordonnance. Toutes les ordonnances ne peuvent pas \u00eatre renouvel\u00e9es dans la pharmacie.<\/p>\n<p>Il co\u00fbte 4 euros de renouveler une ordonnance.<\/p>\n<p>[\/vc_column_text][\/vc_column][\/vc_row]<\/p>\n<\/div>","protected":false},"excerpt":{"rendered":"<p>[vc_row][vc_column column_width_percent=\u00a0\u00bb100&Prime; overlay_alpha=\u00a0\u00bb50&Prime; gutter_size=\u00a0\u00bb3&Prime; medium_width=\u00a0\u00bb0&Prime; shift_x=\u00a0\u00bb0&Prime; shift_y=\u00a0\u00bb0&Prime; z_index=\u00a0\u00bb0&Prime; width=\u00a0\u00bb1\/4&Prime; el_class=\u00a0\u00bbsivupalkki\u00a0\u00bb][vc_column_text] Services [\/vc_column_text][vc_column_text][\/vc_column_text][\/vc_column][vc_column width=\u00a0\u00bb3\/4&Prime;][vc_column_text] Dispensation de m\u00e9dicaments sur ordonnance et renouvellement [&hellip;]<\/p>\n","protected":false},"author":1,"featured_media":0,"parent":478,"menu_order":36,"comment_status":"closed","ping_status":"closed","template":"","meta":{"footnotes":""},"class_list":["post-504","page","type-page","status-publish","hentry"],"publishpress_future_action":{"enabled":false,"date":"2026-04-12 19:12:17","action":"change-status","newStatus":"draft","terms":[],"taxonomy":"page_category","extraData":[]},"publishpress_future_workflow_manual_trigger":{"enabledWorkflows":[]},"_links":{"self":[{"href":"https:\/\/www.skanssinapteekki.fi\/fr\/wp-json\/wp\/v2\/pages\/504","targetHints":{"allow":["GET"]}}],"collection":[{"href":"https:\/\/www.skanssinapteekki.fi\/fr\/wp-json\/wp\/v2\/pages"}],"about":[{"href":"https:\/\/www.skanssinapteekki.fi\/fr\/wp-json\/wp\/v2\/types\/page"}],"author":[{"embeddable":true,"href":"https:\/\/www.skanssinapteekki.fi\/fr\/wp-json\/wp\/v2\/users\/1"}],"replies":[{"embeddable":true,"href":"https:\/\/www.skanssinapteekki.fi\/fr\/wp-json\/wp\/v2\/comments?post=504"}],"version-history":[{"count":1,"href":"https:\/\/www.skanssinapteekki.fi\/fr\/wp-json\/wp\/v2\/pages\/504\/revisions"}],"predecessor-version":[{"id":505,"href":"https:\/\/www.skanssinapteekki.fi\/fr\/wp-json\/wp\/v2\/pages\/504\/revisions\/505"}],"up":[{"embeddable":true,"href":"https:\/\/www.skanssinapteekki.fi\/fr\/wp-json\/wp\/v2\/pages\/478"}],"wp:attachment":[{"href":"https:\/\/www.skanssinapteekki.fi\/fr\/wp-json\/wp\/v2\/media?parent=504"}],"curies":[{"name":"wp","href":"https:\/\/api.w.org\/{rel}","templated":true}]}}