{"id":512,"date":"2016-12-02T10:36:44","date_gmt":"2016-12-02T08:36:44","guid":{"rendered":"http:\/\/www.skanssinapteekki.fi\/?page_id=512\/"},"modified":"2016-12-02T10:36:44","modified_gmt":"2016-12-02T08:36:44","slug":"koneellinen-annosjakelu","status":"publish","type":"page","link":"https:\/\/www.skanssinapteekki.fi\/fr\/services\/koneellinen-annosjakelu\/","title":{"rendered":"Koneellinen annosjakelu"},"content":{"rendered":"<div class=\"wpb-content-wrapper\"><p>[vc_row][vc_column column_width_percent=\u00a0\u00bb100&Prime; overlay_alpha=\u00a0\u00bb50&Prime; gutter_size=\u00a0\u00bb3&Prime; medium_width=\u00a0\u00bb0&Prime; shift_x=\u00a0\u00bb0&Prime; shift_y=\u00a0\u00bb0&Prime; z_index=\u00a0\u00bb0&Prime; width=\u00a0\u00bb1\/4&Prime; el_class=\u00a0\u00bbsivupalkki\u00a0\u00bb][vc_column_text]<\/p>\n<h3>Services<\/h3>\n<p>[\/vc_column_text][vc_column_text]<!-- Widget Shortcode --><div id=\"my_avatar-2\" class=\"widget widget_fiat_sidebar_nav widget-shortcode area-arbitrary \">           \t<ul class=\"page-list\">\n\t\t\t\t<li class=\"page_item page-item-504\"><a href=\"https:\/\/www.skanssinapteekki.fi\/fr\/services\/dispensation-de-medicaments-sur-ordonnance-et-renouvellement-dordonnance\/\">Dispensation de m\u00e9dicaments sur ordonnance et renouvellement d&rsquo;ordonnance<\/a><\/li>\n<li class=\"page_item page-item-512\"><a href=\"https:\/\/www.skanssinapteekki.fi\/fr\/services\/koneellinen-annosjakelu\/\">Koneellinen annosjakelu<\/a><\/li>\n<li class=\"page_item page-item-520\"><a href=\"https:\/\/www.skanssinapteekki.fi\/fr\/services\/schengen-certificat-medical\/\">Schengen certificat m\u00e9dical<\/a><\/li>\n<li class=\"page_item page-item-537\"><a href=\"https:\/\/www.skanssinapteekki.fi\/fr\/services\/carte-medicale-personnelle\/\">Carte m\u00e9dicale personnelle<\/a><\/li>\n<li class=\"page_item page-item-541\"><a href=\"https:\/\/www.skanssinapteekki.fi\/fr\/services\/evaluation-globale-de-la-medication\/\">\u00c9valuation globale de la m\u00e9dication<\/a><\/li>\n\t\t\t<\/ul>\n        <\/div><!-- \/Widget Shortcode -->[\/vc_column_text][\/vc_column][vc_column width=\u00a0\u00bb3\/4&Prime;][vc_column_text]<\/p>\n<h2>Distribution automatis\u00e9e des m\u00e9dicaments en doses unitaires<\/h2>\n<p>La distribution automatis\u00e9e des m\u00e9dicaments en doses unitaires est un service o\u00f9 le client re\u00e7oit ses m\u00e9dicaments appropri\u00e9s \u00e0 la distribution automatis\u00e9e emball\u00e9s en sacs en plastique unitaires pour un usage de deux semaines.<\/p>\n<p>La distribution automatis\u00e9e des m\u00e9dicaments en doses am\u00e9liore la s\u00e9curit\u00e9 de la m\u00e9dication, favorise la r\u00e9ussite du traitement et diminue des frais m\u00e9dicaux. La distribution automatis\u00e9e des m\u00e9dicaments convient pour les gens avec beaucoup de m\u00e9dicaments en utilisation continue ou pour les gens qui ont des probl\u00e8mes avec le dosage quotidien des m\u00e9dicaments.<\/p>\n<p>Une analyse globale de la m\u00e9dication du client qui est fait par la pharmacie est inclue au service. Avec l&rsquo;aide de l&rsquo;analyse global de la m\u00e9dication il est possible d&rsquo;\u00e9liminer des interactions ind\u00e9sirables et de r\u00e9duire le nombre de m\u00e9dicaments.<br \/>\nLa distribution automatis\u00e9e des m\u00e9dicaments en doses unitaires co\u00fbte 10 euros par semaine.<\/p>\n<p>[\/vc_column_text][\/vc_column][\/vc_row]<\/p>\n<\/div>","protected":false},"excerpt":{"rendered":"<p>[vc_row][vc_column column_width_percent=\u00a0\u00bb100&Prime; overlay_alpha=\u00a0\u00bb50&Prime; gutter_size=\u00a0\u00bb3&Prime; medium_width=\u00a0\u00bb0&Prime; shift_x=\u00a0\u00bb0&Prime; shift_y=\u00a0\u00bb0&Prime; z_index=\u00a0\u00bb0&Prime; width=\u00a0\u00bb1\/4&Prime; el_class=\u00a0\u00bbsivupalkki\u00a0\u00bb][vc_column_text] Services [\/vc_column_text][vc_column_text][\/vc_column_text][\/vc_column][vc_column width=\u00a0\u00bb3\/4&Prime;][vc_column_text] Distribution automatis\u00e9e des m\u00e9dicaments en doses unitaires [&hellip;]<\/p>\n","protected":false},"author":1,"featured_media":0,"parent":478,"menu_order":42,"comment_status":"closed","ping_status":"closed","template":"","meta":{"footnotes":""},"class_list":["post-512","page","type-page","status-publish","hentry"],"publishpress_future_action":{"enabled":false,"date":"2026-04-12 15:02:21","action":"change-status","newStatus":"draft","terms":[],"taxonomy":"page_category","extraData":[]},"publishpress_future_workflow_manual_trigger":{"enabledWorkflows":[]},"_links":{"self":[{"href":"https:\/\/www.skanssinapteekki.fi\/fr\/wp-json\/wp\/v2\/pages\/512","targetHints":{"allow":["GET"]}}],"collection":[{"href":"https:\/\/www.skanssinapteekki.fi\/fr\/wp-json\/wp\/v2\/pages"}],"about":[{"href":"https:\/\/www.skanssinapteekki.fi\/fr\/wp-json\/wp\/v2\/types\/page"}],"author":[{"embeddable":true,"href":"https:\/\/www.skanssinapteekki.fi\/fr\/wp-json\/wp\/v2\/users\/1"}],"replies":[{"embeddable":true,"href":"https:\/\/www.skanssinapteekki.fi\/fr\/wp-json\/wp\/v2\/comments?post=512"}],"version-history":[{"count":1,"href":"https:\/\/www.skanssinapteekki.fi\/fr\/wp-json\/wp\/v2\/pages\/512\/revisions"}],"predecessor-version":[{"id":513,"href":"https:\/\/www.skanssinapteekki.fi\/fr\/wp-json\/wp\/v2\/pages\/512\/revisions\/513"}],"up":[{"embeddable":true,"href":"https:\/\/www.skanssinapteekki.fi\/fr\/wp-json\/wp\/v2\/pages\/478"}],"wp:attachment":[{"href":"https:\/\/www.skanssinapteekki.fi\/fr\/wp-json\/wp\/v2\/media?parent=512"}],"curies":[{"name":"wp","href":"https:\/\/api.w.org\/{rel}","templated":true}]}}