{"id":520,"date":"2016-12-02T10:51:46","date_gmt":"2016-12-02T08:51:46","guid":{"rendered":"http:\/\/www.skanssinapteekki.fi\/?page_id=520\/"},"modified":"2016-12-02T10:51:46","modified_gmt":"2016-12-02T08:51:46","slug":"schengen-certificat-medical","status":"publish","type":"page","link":"https:\/\/www.skanssinapteekki.fi\/fr\/services\/schengen-certificat-medical\/","title":{"rendered":"Schengen certificat m\u00e9dical"},"content":{"rendered":"<div class=\"wpb-content-wrapper\"><p>[vc_row][vc_column column_width_percent=\u00a0\u00bb100&Prime; overlay_alpha=\u00a0\u00bb50&Prime; gutter_size=\u00a0\u00bb3&Prime; medium_width=\u00a0\u00bb0&Prime; shift_x=\u00a0\u00bb0&Prime; shift_y=\u00a0\u00bb0&Prime; z_index=\u00a0\u00bb0&Prime; width=\u00a0\u00bb1\/4&Prime; el_class=\u00a0\u00bbsivupalkki\u00a0\u00bb][vc_column_text]<\/p>\n<h3>Services<\/h3>\n<p>[\/vc_column_text][vc_column_text]<!-- Widget Shortcode --><div id=\"my_avatar-2\" class=\"widget widget_fiat_sidebar_nav widget-shortcode area-arbitrary \">           \t<ul class=\"page-list\">\n\t\t\t\t<li class=\"page_item page-item-504\"><a href=\"https:\/\/www.skanssinapteekki.fi\/fr\/services\/dispensation-de-medicaments-sur-ordonnance-et-renouvellement-dordonnance\/\">Dispensation de m\u00e9dicaments sur ordonnance et renouvellement d&rsquo;ordonnance<\/a><\/li>\n<li class=\"page_item page-item-512\"><a href=\"https:\/\/www.skanssinapteekki.fi\/fr\/services\/koneellinen-annosjakelu\/\">Koneellinen annosjakelu<\/a><\/li>\n<li class=\"page_item page-item-520\"><a href=\"https:\/\/www.skanssinapteekki.fi\/fr\/services\/schengen-certificat-medical\/\">Schengen certificat m\u00e9dical<\/a><\/li>\n<li class=\"page_item page-item-537\"><a href=\"https:\/\/www.skanssinapteekki.fi\/fr\/services\/carte-medicale-personnelle\/\">Carte m\u00e9dicale personnelle<\/a><\/li>\n<li class=\"page_item page-item-541\"><a href=\"https:\/\/www.skanssinapteekki.fi\/fr\/services\/evaluation-globale-de-la-medication\/\">\u00c9valuation globale de la m\u00e9dication<\/a><\/li>\n\t\t\t<\/ul>\n        <\/div><!-- \/Widget Shortcode -->[\/vc_column_text][\/vc_column][vc_column width=\u00a0\u00bb3\/4&Prime;][vc_column_text]<\/p>\n<h2>Schengen certificat m\u00e9dical<\/h2>\n<p>L&rsquo;accord de Schengen pr\u00e9voit un certificat, avec lequel une personne doit d\u00e9montrer que les m\u00e9dicaments qui contiennent des stup\u00e9fiants ou des psychotropes et qu&rsquo;ils transportent avec eux dans l&rsquo;espace Schengen sont n\u00e9cessaires.<\/p>\n<p>L&rsquo;accord de Schengen couvre Finlande, Su\u00e8de, Norv\u00e8ge, Danemark, Islande, Allemagne, Belgique, France, Pays-Bas, Autriche, Luxembourg, Espagne, Portugal, Italie, Gr\u00e8ce, Estonie, Lettonie, Lituanie, Pologne, R\u00e9publique tch\u00e8que, Slovaquie, Hongrie, Slov\u00e9nie et Malte.<\/p>\n<p>Une pharmacie remplit et signe le certificat. Le certificat peut \u00eatre d\u00e9livr\u00e9 quand le m\u00e9dicament est dispens\u00e9 ou plus tard dans la m\u00eame pharmacie o\u00f9 le m\u00e9dicament a \u00e9t\u00e9 d\u00e9livr\u00e9.<\/p>\n<p>Schengen certificat m\u00e9dicale co\u00fbte 10 euros.<\/p>\n<p>[\/vc_column_text][\/vc_column][\/vc_row]<\/p>\n<\/div>","protected":false},"excerpt":{"rendered":"<p>[vc_row][vc_column column_width_percent=\u00a0\u00bb100&Prime; overlay_alpha=\u00a0\u00bb50&Prime; gutter_size=\u00a0\u00bb3&Prime; medium_width=\u00a0\u00bb0&Prime; shift_x=\u00a0\u00bb0&Prime; shift_y=\u00a0\u00bb0&Prime; z_index=\u00a0\u00bb0&Prime; width=\u00a0\u00bb1\/4&Prime; el_class=\u00a0\u00bbsivupalkki\u00a0\u00bb][vc_column_text] Services [\/vc_column_text][vc_column_text][\/vc_column_text][\/vc_column][vc_column width=\u00a0\u00bb3\/4&Prime;][vc_column_text] Schengen certificat m\u00e9dical L&rsquo;accord de Schengen pr\u00e9voit [&hellip;]<\/p>\n","protected":false},"author":1,"featured_media":0,"parent":478,"menu_order":49,"comment_status":"closed","ping_status":"closed","template":"","meta":{"footnotes":""},"class_list":["post-520","page","type-page","status-publish","hentry"],"publishpress_future_action":{"enabled":false,"date":"2026-04-12 19:11:54","action":"change-status","newStatus":"draft","terms":[],"taxonomy":"page_category","extraData":[]},"publishpress_future_workflow_manual_trigger":{"enabledWorkflows":[]},"_links":{"self":[{"href":"https:\/\/www.skanssinapteekki.fi\/fr\/wp-json\/wp\/v2\/pages\/520","targetHints":{"allow":["GET"]}}],"collection":[{"href":"https:\/\/www.skanssinapteekki.fi\/fr\/wp-json\/wp\/v2\/pages"}],"about":[{"href":"https:\/\/www.skanssinapteekki.fi\/fr\/wp-json\/wp\/v2\/types\/page"}],"author":[{"embeddable":true,"href":"https:\/\/www.skanssinapteekki.fi\/fr\/wp-json\/wp\/v2\/users\/1"}],"replies":[{"embeddable":true,"href":"https:\/\/www.skanssinapteekki.fi\/fr\/wp-json\/wp\/v2\/comments?post=520"}],"version-history":[{"count":1,"href":"https:\/\/www.skanssinapteekki.fi\/fr\/wp-json\/wp\/v2\/pages\/520\/revisions"}],"predecessor-version":[{"id":521,"href":"https:\/\/www.skanssinapteekki.fi\/fr\/wp-json\/wp\/v2\/pages\/520\/revisions\/521"}],"up":[{"embeddable":true,"href":"https:\/\/www.skanssinapteekki.fi\/fr\/wp-json\/wp\/v2\/pages\/478"}],"wp:attachment":[{"href":"https:\/\/www.skanssinapteekki.fi\/fr\/wp-json\/wp\/v2\/media?parent=520"}],"curies":[{"name":"wp","href":"https:\/\/api.w.org\/{rel}","templated":true}]}}