{"id":537,"date":"2016-12-02T11:10:40","date_gmt":"2016-12-02T09:10:40","guid":{"rendered":"http:\/\/www.skanssinapteekki.fi\/?page_id=537\/"},"modified":"2016-12-02T11:10:40","modified_gmt":"2016-12-02T09:10:40","slug":"carte-medicale-personnelle","status":"publish","type":"page","link":"https:\/\/www.skanssinapteekki.fi\/fr\/services\/carte-medicale-personnelle\/","title":{"rendered":"Carte m\u00e9dicale personnelle"},"content":{"rendered":"<div class=\"wpb-content-wrapper\"><p>[vc_row][vc_column column_width_percent=\u00a0\u00bb100&Prime; overlay_alpha=\u00a0\u00bb50&Prime; gutter_size=\u00a0\u00bb3&Prime; medium_width=\u00a0\u00bb0&Prime; shift_x=\u00a0\u00bb0&Prime; shift_y=\u00a0\u00bb0&Prime; z_index=\u00a0\u00bb0&Prime; width=\u00a0\u00bb1\/4&Prime; el_class=\u00a0\u00bbsivupalkki\u00a0\u00bb][vc_column_text]<\/p>\n<h3>Services<\/h3>\n<p>[\/vc_column_text][vc_column_text]<!-- Widget Shortcode --><div id=\"my_avatar-2\" class=\"widget widget_fiat_sidebar_nav widget-shortcode area-arbitrary \">           \t<ul class=\"page-list\">\n\t\t\t\t<li class=\"page_item page-item-504\"><a href=\"https:\/\/www.skanssinapteekki.fi\/fr\/services\/dispensation-de-medicaments-sur-ordonnance-et-renouvellement-dordonnance\/\">Dispensation de m\u00e9dicaments sur ordonnance et renouvellement d&rsquo;ordonnance<\/a><\/li>\n<li class=\"page_item page-item-512\"><a href=\"https:\/\/www.skanssinapteekki.fi\/fr\/services\/koneellinen-annosjakelu\/\">Koneellinen annosjakelu<\/a><\/li>\n<li class=\"page_item page-item-520\"><a href=\"https:\/\/www.skanssinapteekki.fi\/fr\/services\/schengen-certificat-medical\/\">Schengen certificat m\u00e9dical<\/a><\/li>\n<li class=\"page_item page-item-537\"><a href=\"https:\/\/www.skanssinapteekki.fi\/fr\/services\/carte-medicale-personnelle\/\">Carte m\u00e9dicale personnelle<\/a><\/li>\n<li class=\"page_item page-item-541\"><a href=\"https:\/\/www.skanssinapteekki.fi\/fr\/services\/evaluation-globale-de-la-medication\/\">\u00c9valuation globale de la m\u00e9dication<\/a><\/li>\n\t\t\t<\/ul>\n        <\/div><!-- \/Widget Shortcode -->[\/vc_column_text][\/vc_column][vc_column width=\u00a0\u00bb3\/4&Prime;][vc_column_text]<\/p>\n<h2>Carte m\u00e9dicale personnelle<\/h2>\n<p>Nous pouvons imprimer une carte m\u00e9dicale pour vous. La carte m\u00e9dicale est une liste de tous vos m\u00e9dicaments sur ordonnance achet\u00e9s dans notre pharmacie au cours de l&rsquo;ann\u00e9e. Aussi vos m\u00e9dicaments sans ordonnance achet\u00e9s dans notre pharmacie et vos intol\u00e9rances peuvent \u00eatre inclus dans la carte.<\/p>\n<p>La carte co\u00fbte 5 euros.<\/p>\n<p>[\/vc_column_text][\/vc_column][\/vc_row]<\/p>\n<\/div>","protected":false},"excerpt":{"rendered":"<p>[vc_row][vc_column column_width_percent=\u00a0\u00bb100&Prime; overlay_alpha=\u00a0\u00bb50&Prime; gutter_size=\u00a0\u00bb3&Prime; medium_width=\u00a0\u00bb0&Prime; shift_x=\u00a0\u00bb0&Prime; shift_y=\u00a0\u00bb0&Prime; z_index=\u00a0\u00bb0&Prime; width=\u00a0\u00bb1\/4&Prime; el_class=\u00a0\u00bbsivupalkki\u00a0\u00bb][vc_column_text] Services [\/vc_column_text][vc_column_text][\/vc_column_text][\/vc_column][vc_column width=\u00a0\u00bb3\/4&Prime;][vc_column_text] Carte m\u00e9dicale personnelle Nous pouvons imprimer une [&hellip;]<\/p>\n","protected":false},"author":1,"featured_media":0,"parent":478,"menu_order":58,"comment_status":"closed","ping_status":"closed","template":"","meta":{"footnotes":""},"class_list":["post-537","page","type-page","status-publish","hentry"],"publishpress_future_action":{"enabled":false,"date":"2026-04-24 13:15:29","action":"change-status","newStatus":"draft","terms":[],"taxonomy":"page_category","extraData":[]},"publishpress_future_workflow_manual_trigger":{"enabledWorkflows":[]},"_links":{"self":[{"href":"https:\/\/www.skanssinapteekki.fi\/fr\/wp-json\/wp\/v2\/pages\/537","targetHints":{"allow":["GET"]}}],"collection":[{"href":"https:\/\/www.skanssinapteekki.fi\/fr\/wp-json\/wp\/v2\/pages"}],"about":[{"href":"https:\/\/www.skanssinapteekki.fi\/fr\/wp-json\/wp\/v2\/types\/page"}],"author":[{"embeddable":true,"href":"https:\/\/www.skanssinapteekki.fi\/fr\/wp-json\/wp\/v2\/users\/1"}],"replies":[{"embeddable":true,"href":"https:\/\/www.skanssinapteekki.fi\/fr\/wp-json\/wp\/v2\/comments?post=537"}],"version-history":[{"count":1,"href":"https:\/\/www.skanssinapteekki.fi\/fr\/wp-json\/wp\/v2\/pages\/537\/revisions"}],"predecessor-version":[{"id":538,"href":"https:\/\/www.skanssinapteekki.fi\/fr\/wp-json\/wp\/v2\/pages\/537\/revisions\/538"}],"up":[{"embeddable":true,"href":"https:\/\/www.skanssinapteekki.fi\/fr\/wp-json\/wp\/v2\/pages\/478"}],"wp:attachment":[{"href":"https:\/\/www.skanssinapteekki.fi\/fr\/wp-json\/wp\/v2\/media?parent=537"}],"curies":[{"name":"wp","href":"https:\/\/api.w.org\/{rel}","templated":true}]}}