{"id":541,"date":"2016-12-02T11:16:33","date_gmt":"2016-12-02T09:16:33","guid":{"rendered":"http:\/\/www.skanssinapteekki.fi\/?page_id=541\/"},"modified":"2016-12-02T11:16:33","modified_gmt":"2016-12-02T09:16:33","slug":"evaluation-globale-de-la-medication","status":"publish","type":"page","link":"https:\/\/www.skanssinapteekki.fi\/fr\/services\/evaluation-globale-de-la-medication\/","title":{"rendered":"\u00c9valuation globale de la m\u00e9dication"},"content":{"rendered":"<div class=\"wpb-content-wrapper\"><p>[vc_row][vc_column column_width_percent=\u00a0\u00bb100&Prime; overlay_alpha=\u00a0\u00bb50&Prime; gutter_size=\u00a0\u00bb3&Prime; medium_width=\u00a0\u00bb0&Prime; shift_x=\u00a0\u00bb0&Prime; shift_y=\u00a0\u00bb0&Prime; z_index=\u00a0\u00bb0&Prime; width=\u00a0\u00bb1\/4&Prime; el_class=\u00a0\u00bbsivupalkki\u00a0\u00bb][vc_column_text]<\/p>\n<h3>Services<\/h3>\n<p>[\/vc_column_text][vc_column_text]<!-- Widget Shortcode --><div id=\"my_avatar-2\" class=\"widget widget_fiat_sidebar_nav widget-shortcode area-arbitrary \">           \t<ul class=\"page-list\">\n\t\t\t\t<li class=\"page_item page-item-504\"><a href=\"https:\/\/www.skanssinapteekki.fi\/fr\/services\/dispensation-de-medicaments-sur-ordonnance-et-renouvellement-dordonnance\/\">Dispensation de m\u00e9dicaments sur ordonnance et renouvellement d&rsquo;ordonnance<\/a><\/li>\n<li class=\"page_item page-item-512\"><a href=\"https:\/\/www.skanssinapteekki.fi\/fr\/services\/koneellinen-annosjakelu\/\">Koneellinen annosjakelu<\/a><\/li>\n<li class=\"page_item page-item-520\"><a href=\"https:\/\/www.skanssinapteekki.fi\/fr\/services\/schengen-certificat-medical\/\">Schengen certificat m\u00e9dical<\/a><\/li>\n<li class=\"page_item page-item-537\"><a href=\"https:\/\/www.skanssinapteekki.fi\/fr\/services\/carte-medicale-personnelle\/\">Carte m\u00e9dicale personnelle<\/a><\/li>\n<li class=\"page_item page-item-541\"><a href=\"https:\/\/www.skanssinapteekki.fi\/fr\/services\/evaluation-globale-de-la-medication\/\">\u00c9valuation globale de la m\u00e9dication<\/a><\/li>\n\t\t\t<\/ul>\n        <\/div><!-- \/Widget Shortcode -->[\/vc_column_text][\/vc_column][vc_column width=\u00a0\u00bb3\/4&Prime;][vc_column_text]<\/p>\n<h2>\u00c9valuation globale de la m\u00e9dication<\/h2>\n<p>L&rsquo;\u00e9valuation globale de la m\u00e9dication est une mesure compr\u00e9hensive qui comprend un inventaire complet de maladies et de m\u00e9dicaments du patient, de probl\u00e8mes possibles li\u00e9s aux m\u00e9dicaments et de propositions de mesures pour r\u00e9soudre les probl\u00e8mes.<\/p>\n<p>Medication review is a service, which is carried out in collaboration with the attending physician. The objective of medication review is to recognize and solve problems arising from the patient&rsquo;s medication.<\/p>\n<p>L\u2019\u00e9valuation de la m\u00e9dication est un service, qui est r\u00e9alis\u00e9e en collaboration avec le m\u00e9decin traitant. L&rsquo;objectif de l\u2019\u00e9valuation de la m\u00e9dication est d\u2019identifier et de r\u00e9soudre les probl\u00e8mes d\u00e9coulant de la m\u00e9dication du patient.<\/p>\n<p>La raison d\u2019effectuer une \u00e9valuation globale de la m\u00e9dication peut \u00eatre une mauvaise observance du traitement, des probl\u00e8mes avec la mise en \u0153uvre de la m\u00e9dication, un soup\u00e7on d&rsquo;une interaction ou d&rsquo;un effet secondaire ind\u00e9sirable, une faible r\u00e9ponse au traitement ou une faible r\u00e9alisation du traitement, une m\u00e9dication irrationnel, cinq ou plus de m\u00e9dicaments, nombreux m\u00e9decins traitants ou les co\u00fbts \u00e9lev\u00e9s des m\u00e9dicaments. L&rsquo;\u00e2ge avanc\u00e9 du patient combin\u00e9 avec l&rsquo;un des facteurs mentionn\u00e9s ci-dessus est une raison claire d\u2019effectuer une \u00e9valuation globale de la m\u00e9dication.<\/p>\n<p><strong>Il y a deux forfaits de divers prix et \u00e9tendues. Un forfait de base et un forfait plus exhaustif qui contient de la coop\u00e9ration avec le m\u00e9decin traitant et soignant \/ infirmier. L&rsquo;\u00e9valuation globale de la m\u00e9dication est un service payant: 90 euros (forfait de base) \/ 495 euros (forfait exhaustive).<\/strong><\/p>\n<p>[\/vc_column_text][\/vc_column][\/vc_row]<\/p>\n<\/div>","protected":false},"excerpt":{"rendered":"<p>[vc_row][vc_column column_width_percent=\u00a0\u00bb100&Prime; overlay_alpha=\u00a0\u00bb50&Prime; gutter_size=\u00a0\u00bb3&Prime; medium_width=\u00a0\u00bb0&Prime; shift_x=\u00a0\u00bb0&Prime; shift_y=\u00a0\u00bb0&Prime; z_index=\u00a0\u00bb0&Prime; width=\u00a0\u00bb1\/4&Prime; el_class=\u00a0\u00bbsivupalkki\u00a0\u00bb][vc_column_text] Services [\/vc_column_text][vc_column_text][\/vc_column_text][\/vc_column][vc_column width=\u00a0\u00bb3\/4&Prime;][vc_column_text] \u00c9valuation globale de la m\u00e9dication L&rsquo;\u00e9valuation globale [&hellip;]<\/p>\n","protected":false},"author":1,"featured_media":0,"parent":478,"menu_order":61,"comment_status":"closed","ping_status":"closed","template":"","meta":{"footnotes":""},"class_list":["post-541","page","type-page","status-publish","hentry"],"publishpress_future_action":{"enabled":false,"date":"2026-04-12 19:12:06","action":"change-status","newStatus":"draft","terms":[],"taxonomy":"page_category","extraData":[]},"publishpress_future_workflow_manual_trigger":{"enabledWorkflows":[]},"_links":{"self":[{"href":"https:\/\/www.skanssinapteekki.fi\/fr\/wp-json\/wp\/v2\/pages\/541","targetHints":{"allow":["GET"]}}],"collection":[{"href":"https:\/\/www.skanssinapteekki.fi\/fr\/wp-json\/wp\/v2\/pages"}],"about":[{"href":"https:\/\/www.skanssinapteekki.fi\/fr\/wp-json\/wp\/v2\/types\/page"}],"author":[{"embeddable":true,"href":"https:\/\/www.skanssinapteekki.fi\/fr\/wp-json\/wp\/v2\/users\/1"}],"replies":[{"embeddable":true,"href":"https:\/\/www.skanssinapteekki.fi\/fr\/wp-json\/wp\/v2\/comments?post=541"}],"version-history":[{"count":1,"href":"https:\/\/www.skanssinapteekki.fi\/fr\/wp-json\/wp\/v2\/pages\/541\/revisions"}],"predecessor-version":[{"id":542,"href":"https:\/\/www.skanssinapteekki.fi\/fr\/wp-json\/wp\/v2\/pages\/541\/revisions\/542"}],"up":[{"embeddable":true,"href":"https:\/\/www.skanssinapteekki.fi\/fr\/wp-json\/wp\/v2\/pages\/478"}],"wp:attachment":[{"href":"https:\/\/www.skanssinapteekki.fi\/fr\/wp-json\/wp\/v2\/media?parent=541"}],"curies":[{"name":"wp","href":"https:\/\/api.w.org\/{rel}","templated":true}]}}