{"id":471,"date":"2016-12-01T14:56:57","date_gmt":"2016-12-01T12:56:57","guid":{"rendered":"http:\/\/www.skanssinapteekki.fi\/?page_id=471\/"},"modified":"2016-12-01T14:57:52","modified_gmt":"2016-12-01T12:57:52","slug":"tarjoukset","status":"publish","type":"page","link":"https:\/\/www.skanssinapteekki.fi\/ru\/tarjoukset\/","title":{"rendered":"\u0421\u043f\u0435\u0446\u0438\u0430\u043b\u044c\u043d\u044b\u0435 \u043f\u0440\u0435\u0434\u043b\u043e\u0436\u0435\u043d\u0438\u044f"},"content":{"rendered":"<div class=\"wpb-content-wrapper\"><p>[vc_row][vc_column width=&#187;1\/2&#8243;][vc_column_text el_class=&#187;lead&#187;]<\/p>\n<h2><span id=\"result_box\" class=\"short_text\" lang=\"ru\">\u0412\u043e\u0441\u043f\u043e\u043b\u044c\u0437\u0443\u0439\u0442\u0435\u0441\u044c \u043d\u0430\u0448\u0438\u043c\u0438 <span class=\"\">\u0441\u043f\u0435\u0446\u0438\u0430\u043b\u044c\u043d\u044b\u043c\u0438 \u043f\u0440\u0435\u0434\u043b\u043e\u0436\u0435\u043d\u0438\u044f\u043c\u0438<\/span><span class=\"\">.<\/span><\/span><\/h2>\n<p>[\/vc_column_text][\/vc_column][vc_column width=&#187;1\/2&#8243;][vc_single_image media=&#187;109&#8243; media_width_use_pixel=&#187;yes&#187; alignment=&#187;center&#187; media_width_pixel=&#187;360&#8243;][\/vc_column][\/vc_row][vc_row row_height_percent=&#187;0&#8243; back_color=&#187;color-gyho&#187; overlay_alpha=&#187;50&#8243; gutter_size=&#187;3&#8243; shift_y=&#187;0&#8243;][vc_column column_width_percent=&#187;100&#8243; overlay_alpha=&#187;50&#8243; gutter_size=&#187;3&#8243; medium_width=&#187;0&#8243; shift_x=&#187;0&#8243; shift_y=&#187;0&#8243; z_index=&#187;0&#8243; width=&#187;1\/1&#8243;][vc_column_text]\n\n\n<div id=\"wpv-view-layout-68\" class=\"js-wpv-view-layout js-wpv-layout-responsive js-wpv-view-layout-68\" data-viewnumber=\"68\" data-pagination=\"{&quot;id&quot;:68,&quot;query&quot;:&quot;normal&quot;,&quot;type&quot;:&quot;disabled&quot;,&quot;effect&quot;:&quot;fade&quot;,&quot;duration&quot;:500,&quot;speed&quot;:5,&quot;pause_on_hover&quot;:&quot;disabled&quot;,&quot;stop_rollover&quot;:&quot;false&quot;,&quot;cache_pages&quot;:&quot;enabled&quot;,&quot;preload_images&quot;:&quot;enabled&quot;,&quot;preload_pages&quot;:&quot;enabled&quot;,&quot;preload_reach&quot;:1,&quot;spinner&quot;:&quot;builtin&quot;,&quot;spinner_image&quot;:&quot;https:\/\/www.skanssinapteekki.fi\/wp-content\/plugins\/wp-views\/res\/img\/ajax-loader.gif&quot;,&quot;callback_next&quot;:&quot;&quot;,&quot;manage_history&quot;:&quot;enabled&quot;,&quot;has_controls_in_form&quot;:&quot;disabled&quot;,&quot;infinite_tolerance&quot;:&quot;0&quot;,&quot;max_pages&quot;:0,&quot;page&quot;:1,&quot;base_permalink&quot;:&quot;\/ru\/wp-json\/wp\/v2\/pages\/471?wpv_view_count=68&amp;wpv_paged=WPV_PAGE_NUM&quot;,&quot;loop&quot;:{&quot;type&quot;:&quot;&quot;,&quot;name&quot;:&quot;&quot;,&quot;data&quot;:[],&quot;id&quot;:0}}\" data-permalink=\"\/ru\/wp-json\/wp\/v2\/pages\/471?wpv_view_count=68\">\n\n\t\n\t\n\t\t<strong>Ei tarjouksia t\u00e4ll\u00e4hetkell\u00e4.<\/strong>\n\t\n<\/div>\n[\/vc_column_text][\/vc_column][\/vc_row]<\/p>\n<\/div>","protected":false},"excerpt":{"rendered":"<p>[vc_row][vc_column width=&#187;1\/2&#8243;][vc_column_text el_class=&#187;lead&#187;] \u0412\u043e\u0441\u043f\u043e\u043b\u044c\u0437\u0443\u0439\u0442\u0435\u0441\u044c \u043d\u0430\u0448\u0438\u043c\u0438 \u0441\u043f\u0435\u0446\u0438\u0430\u043b\u044c\u043d\u044b\u043c\u0438 \u043f\u0440\u0435\u0434\u043b\u043e\u0436\u0435\u043d\u0438\u044f\u043c\u0438. [\/vc_column_text][\/vc_column][vc_column width=&#187;1\/2&#8243;][vc_single_image media=&#187;109&#8243; media_width_use_pixel=&#187;yes&#187; alignment=&#187;center&#187; media_width_pixel=&#187;360&#8243;][\/vc_column][\/vc_row][vc_row row_height_percent=&#187;0&#8243; back_color=&#187;color-gyho&#187; overlay_alpha=&#187;50&#8243; gutter_size=&#187;3&#8243; shift_y=&#187;0&#8243;][vc_column column_width_percent=&#187;100&#8243; overlay_alpha=&#187;50&#8243; [&hellip;]<\/p>\n","protected":false},"author":1,"featured_media":5579,"parent":0,"menu_order":18,"comment_status":"closed","ping_status":"closed","template":"","meta":{"footnotes":""},"class_list":["post-471","page","type-page","status-publish","has-post-thumbnail","hentry"],"publishpress_future_action":{"enabled":false,"date":"2026-04-12 19:13:54","action":"change-status","newStatus":"draft","terms":[],"taxonomy":"page_category","extraData":[]},"publishpress_future_workflow_manual_trigger":{"enabledWorkflows":[]},"_links":{"self":[{"href":"https:\/\/www.skanssinapteekki.fi\/ru\/wp-json\/wp\/v2\/pages\/471","targetHints":{"allow":["GET"]}}],"collection":[{"href":"https:\/\/www.skanssinapteekki.fi\/ru\/wp-json\/wp\/v2\/pages"}],"about":[{"href":"https:\/\/www.skanssinapteekki.fi\/ru\/wp-json\/wp\/v2\/types\/page"}],"author":[{"embeddable":true,"href":"https:\/\/www.skanssinapteekki.fi\/ru\/wp-json\/wp\/v2\/users\/1"}],"replies":[{"embeddable":true,"href":"https:\/\/www.skanssinapteekki.fi\/ru\/wp-json\/wp\/v2\/comments?post=471"}],"version-history":[{"count":2,"href":"https:\/\/www.skanssinapteekki.fi\/ru\/wp-json\/wp\/v2\/pages\/471\/revisions"}],"predecessor-version":[{"id":473,"href":"https:\/\/www.skanssinapteekki.fi\/ru\/wp-json\/wp\/v2\/pages\/471\/revisions\/473"}],"wp:featuredmedia":[{"embeddable":true,"href":"https:\/\/www.skanssinapteekki.fi\/ru\/wp-json\/wp\/v2\/media\/5579"}],"wp:attachment":[{"href":"https:\/\/www.skanssinapteekki.fi\/ru\/wp-json\/wp\/v2\/media?parent=471"}],"curies":[{"name":"wp","href":"https:\/\/api.w.org\/{rel}","templated":true}]}}