{"id":379,"date":"2016-10-27T15:30:16","date_gmt":"2016-10-27T12:30:16","guid":{"rendered":"http:\/\/www.skanssinapteekki.fi\/sv\/?page_id=379"},"modified":"2016-10-27T15:30:16","modified_gmt":"2016-10-27T12:30:16","slug":"tjaenster","status":"publish","type":"page","link":"https:\/\/www.skanssinapteekki.fi\/sv\/tjaenster\/","title":{"rendered":"Tj\u00e4nster"},"content":{"rendered":"<div class=\"wpb-content-wrapper\"><p>[vc_row][vc_column width=&#8221;2\/3&#8243;][vc_column_text]\n\n\n<div id=\"wpv-view-layout-138\" class=\"js-wpv-view-layout js-wpv-layout-responsive js-wpv-view-layout-138\" data-viewnumber=\"138\" data-pagination=\"{&quot;id&quot;:138,&quot;query&quot;:&quot;normal&quot;,&quot;type&quot;:&quot;disabled&quot;,&quot;effect&quot;:&quot;fade&quot;,&quot;duration&quot;:500,&quot;speed&quot;:5,&quot;pause_on_hover&quot;:&quot;disabled&quot;,&quot;stop_rollover&quot;:&quot;false&quot;,&quot;cache_pages&quot;:&quot;enabled&quot;,&quot;preload_images&quot;:&quot;enabled&quot;,&quot;preload_pages&quot;:&quot;enabled&quot;,&quot;preload_reach&quot;:1,&quot;spinner&quot;:&quot;builtin&quot;,&quot;spinner_image&quot;:&quot;https:\/\/www.skanssinapteekki.fi\/wp-content\/plugins\/wp-views\/res\/img\/ajax-loader.gif&quot;,&quot;callback_next&quot;:&quot;&quot;,&quot;manage_history&quot;:&quot;enabled&quot;,&quot;has_controls_in_form&quot;:&quot;disabled&quot;,&quot;infinite_tolerance&quot;:&quot;0&quot;,&quot;max_pages&quot;:0,&quot;page&quot;:1,&quot;base_permalink&quot;:&quot;\/sv\/wp-json\/wp\/v2\/pages\/379?wpv_view_count=138&amp;wpv_paged=WPV_PAGE_NUM&quot;,&quot;loop&quot;:{&quot;type&quot;:&quot;&quot;,&quot;name&quot;:&quot;&quot;,&quot;data&quot;:[],&quot;id&quot;:0}}\" data-permalink=\"\/sv\/wp-json\/wp\/v2\/pages\/379?wpv_view_count=138\">\n\n\t\n\t\n\t\t<ul class=\"palvelu-listaus\">\n\t\t\n          <li class=\"palvelu\">\n            <a href=\"https:\/\/www.skanssinapteekki.fi\/sv\/tjaenster\/medicinering-omdoeme\/\">Medicinering omd\u00f6me<\/a>\n          <\/li>\n\t\t\n          <li class=\"palvelu\">\n            <a href=\"https:\/\/www.skanssinapteekki.fi\/sv\/tjaenster\/personligt-laekemedelskort\/\">Personligt l\u00e4kemedelskort<\/a>\n          <\/li>\n\t\t\n          <li class=\"palvelu\">\n            <a href=\"https:\/\/www.skanssinapteekki.fi\/sv\/tjaenster\/schengenintyg\/\">Schengenintyg<\/a>\n          <\/li>\n\t\t\n          <li class=\"palvelu\">\n            <a href=\"https:\/\/www.skanssinapteekki.fi\/sv\/tjaenster\/maskinell-dosdispensering\/\">Maskinell dosdispensering<\/a>\n          <\/li>\n\t\t\n          <li class=\"palvelu\">\n            <a href=\"https:\/\/www.skanssinapteekki.fi\/sv\/tjaenster\/foernyande-av-recept\/\">F\u00f6rnyande av recept<\/a>\n          <\/li>\n\t\t\n        <\/ul>\n\t\n\t\n\t\n<\/div>\n[\/vc_column_text][\/vc_column][vc_column width=&#8221;1\/3&#8243;][vc_column_text el_class=&#8221;bubble&#8221;]V\u00e4nliga och m\u00e5ngsidiga tj\u00e4nster.[\/vc_column_text][vc_single_image media=&#8221;360&#8243; media_width_percent=&#8221;100&#8243; alignment=&#8221;center&#8221;][\/vc_column][\/vc_row]<\/p>\n<\/div>","protected":false},"excerpt":{"rendered":"<p>[vc_row][vc_column width=&#8221;2\/3&#8243;][vc_column_text][\/vc_column_text][\/vc_column][vc_column width=&#8221;1\/3&#8243;][vc_column_text el_class=&#8221;bubble&#8221;]V\u00e4nliga och m\u00e5ngsidiga tj\u00e4nster.[\/vc_column_text][vc_single_image media=&#8221;360&#8243; media_width_percent=&#8221;100&#8243; alignment=&#8221;center&#8221;][\/vc_column][\/vc_row]<\/p>\n","protected":false},"author":1,"featured_media":364,"parent":0,"menu_order":32,"comment_status":"closed","ping_status":"closed","template":"","meta":{"footnotes":""},"class_list":["post-379","page","type-page","status-publish","has-post-thumbnail","hentry"],"publishpress_future_action":{"enabled":false,"date":"2026-04-12 15:03:45","action":"change-status","newStatus":"draft","terms":[],"taxonomy":"page_category","extraData":[]},"publishpress_future_workflow_manual_trigger":{"enabledWorkflows":[]},"_links":{"self":[{"href":"https:\/\/www.skanssinapteekki.fi\/sv\/wp-json\/wp\/v2\/pages\/379","targetHints":{"allow":["GET"]}}],"collection":[{"href":"https:\/\/www.skanssinapteekki.fi\/sv\/wp-json\/wp\/v2\/pages"}],"about":[{"href":"https:\/\/www.skanssinapteekki.fi\/sv\/wp-json\/wp\/v2\/types\/page"}],"author":[{"embeddable":true,"href":"https:\/\/www.skanssinapteekki.fi\/sv\/wp-json\/wp\/v2\/users\/1"}],"replies":[{"embeddable":true,"href":"https:\/\/www.skanssinapteekki.fi\/sv\/wp-json\/wp\/v2\/comments?post=379"}],"version-history":[{"count":1,"href":"https:\/\/www.skanssinapteekki.fi\/sv\/wp-json\/wp\/v2\/pages\/379\/revisions"}],"predecessor-version":[{"id":380,"href":"https:\/\/www.skanssinapteekki.fi\/sv\/wp-json\/wp\/v2\/pages\/379\/revisions\/380"}],"wp:featuredmedia":[{"embeddable":true,"href":"https:\/\/www.skanssinapteekki.fi\/sv\/wp-json\/wp\/v2\/media\/364"}],"wp:attachment":[{"href":"https:\/\/www.skanssinapteekki.fi\/sv\/wp-json\/wp\/v2\/media?parent=379"}],"curies":[{"name":"wp","href":"https:\/\/api.w.org\/{rel}","templated":true}]}}