{"id":383,"date":"2016-10-27T15:37:42","date_gmt":"2016-10-27T12:37:42","guid":{"rendered":"http:\/\/www.skanssinapteekki.fi\/sv\/?page_id=383"},"modified":"2024-03-04T09:50:48","modified_gmt":"2024-03-04T07:50:48","slug":"kontakt","status":"publish","type":"page","link":"https:\/\/www.skanssinapteekki.fi\/sv\/kontakt\/","title":{"rendered":"Kontakt"},"content":{"rendered":"<div class=\"wpb-content-wrapper\"><p>[vc_row row_height_percent=&#8221;0&#8243; override_padding=&#8221;yes&#8221; h_padding=&#8221;0&#8243; top_padding=&#8221;0&#8243; bottom_padding=&#8221;2&#8243; overlay_alpha=&#8221;50&#8243; gutter_size=&#8221;3&#8243; shift_y=&#8221;0&#8243;][vc_column width=&#8221;1\/1&#8243;][vc_gmaps latlon=&#8221;60.430032, 22.321627&#8243; size=&#8221;420&#8243; map_color=&#8221;,Default&#8221; ui_color=&#8221;,Default&#8221; zoom=&#8221;15&#8243; map_saturation=&#8221;-20&#8243; map_brightness=&#8221;5&#8243;][\/vc_column][\/vc_row][vc_row unlock_row=&#8221;&#8221; row_height_percent=&#8221;0&#8243; override_padding=&#8221;yes&#8221; h_padding=&#8221;2&#8243; top_padding=&#8221;2&#8243; bottom_padding=&#8221;2&#8243; overlay_alpha=&#8221;50&#8243; gutter_size=&#8221;3&#8243; shift_y=&#8221;0&#8243;][vc_column width=&#8221;1\/3&#8243;][vc_column_text el_class=&#8221;lead&#8221;]<\/p>\n<div class=\"wpb_text_column wpb_content_element \">\n<div class=\"wpb_wrapper\">\n<h3>Skanssi Apotek<\/h3>\n<p>Skanssis nya apotek hittar du i k\u00f6pcentret Skanssis f\u00f6rsta v\u00e5ning bredvid K-Citymarket.<\/p>\n<p><strong>Telefon <\/strong><br \/>\nCentrum: <a href=\"tel:+358022146100\">020 7928480<br \/>\n<\/a>Annosjakelu: 0207928485<a href=\"tel:+358022146100\"><br \/>\n<\/a>L\u00e4kare: 0207928480<\/p>\n<hr \/>\n<h3>Vi \u00e4r \u00f6ppna:<\/h3>\n<p>M\u00e5n-fre 8.00-21.00<br \/>\nL\u00f6r 8.00-19.00<br \/>\nS\u00f6n 10.00-19.00<\/div>\n<\/div>\n<p>[\/vc_column_text][\/vc_column][vc_column column_width_percent=&#8221;100&#8243; gutter_size=&#8221;3&#8243; back_color=&#8221;color-lxmt&#8221; overlay_alpha=&#8221;50&#8243; shift_x=&#8221;0&#8243; shift_y=&#8221;0&#8243; z_index=&#8221;0&#8243; medium_width=&#8221;0&#8243; width=&#8221;2\/3&#8243;][vc_column_text]<\/p>\n<h3>Kontakta oss<\/h3>\n<p>[\/vc_column_text]\n<div class=\"wpcf7 no-js\" id=\"wpcf7-f389-o1\" lang=\"fi\" dir=\"ltr\" data-wpcf7-id=\"389\">\n<div class=\"screen-reader-response\"><p role=\"status\" aria-live=\"polite\" aria-atomic=\"true\"><\/p> <ul><\/ul><\/div>\n<form action=\"\/sv\/wp-json\/wp\/v2\/pages\/383#wpcf7-f389-o1\" method=\"post\" class=\"wpcf7-form init\" aria-label=\"Yhteydenottolomake\" novalidate=\"novalidate\" data-status=\"init\">\n<fieldset class=\"hidden-fields-container\"><input type=\"hidden\" name=\"_wpcf7\" value=\"389\" \/><input type=\"hidden\" name=\"_wpcf7_version\" value=\"6.1.5\" \/><input type=\"hidden\" name=\"_wpcf7_locale\" value=\"fi\" \/><input type=\"hidden\" name=\"_wpcf7_unit_tag\" value=\"wpcf7-f389-o1\" \/><input type=\"hidden\" name=\"_wpcf7_container_post\" value=\"0\" \/><input type=\"hidden\" name=\"_wpcf7_posted_data_hash\" value=\"\" \/>\n<\/fieldset>\n<div class=\"lomake\">\n\t<div class=\"puolikas\">\n\t\t<p><br \/>\nNamn <span class=\"required\">*<\/span>\n\t\t<\/p>\n\t\t<p><span class=\"wpcf7-form-control-wrap\" data-name=\"nimi\"><input size=\"40\" maxlength=\"400\" class=\"wpcf7-form-control wpcf7-text wpcf7-validates-as-required\" aria-required=\"true\" aria-invalid=\"false\" value=\"\" type=\"text\" name=\"nimi\" \/><\/span>\n\t\t<\/p>\n\t<\/div>\n\t<div class=\"puolikas\">\n\t\t<p><br \/>\nTelefon\n\t\t<\/p>\n\t\t<p><span class=\"wpcf7-form-control-wrap\" data-name=\"puh\"><input size=\"40\" maxlength=\"400\" class=\"wpcf7-form-control wpcf7-text\" aria-invalid=\"false\" value=\"\" type=\"text\" name=\"puh\" \/><\/span>\n\t\t<\/p>\n\t<\/div>\n\t<div class=\"kokonainen\">\n\t\t<p><br \/>\nE-post <span class=\"required\">*<\/span>\n\t\t<\/p>\n\t\t<p><span class=\"wpcf7-form-control-wrap\" data-name=\"email\"><input size=\"40\" maxlength=\"400\" class=\"wpcf7-form-control wpcf7-email wpcf7-validates-as-required wpcf7-text wpcf7-validates-as-email\" aria-required=\"true\" aria-invalid=\"false\" value=\"\" type=\"email\" name=\"email\" \/><\/span>\n\t\t<\/p>\n\t<\/div>\n\t<div class=\"kokonainen\">\n\t\t<p><br \/>\nMeddelande\n\t\t<\/p>\n\t\t<p><span class=\"wpcf7-form-control-wrap\" data-name=\"viesti\"><textarea cols=\"40\" rows=\"10\" maxlength=\"2000\" class=\"wpcf7-form-control wpcf7-textarea\" aria-invalid=\"false\" name=\"viesti\"><\/textarea><\/span>\n\t\t<\/p>\n\t<\/div>\n\t<div class=\"kokonainen\">\n\t\t<p><br \/>\n<span class=\"wpcf7-form-control-wrap\" data-name=\"yhteydentotto\"><span class=\"wpcf7-form-control wpcf7-checkbox\"><span class=\"wpcf7-list-item first last\"><label><input type=\"checkbox\" name=\"yhteydentotto[]\" value=\"Jag skulle vilja att ni kontaktar mig.\" \/><span class=\"wpcf7-list-item-label\">Jag skulle vilja att ni kontaktar mig.<\/span><\/label><\/span><\/span><\/span>\n\t\t<\/p>\n\t<\/div>\n\t<div class=\"kokonainen\">\n\t\t<p><input class=\"wpcf7-form-control wpcf7-submit has-spinner\" type=\"submit\" value=\"Skicka\" \/>\n\t\t<\/p>\n\t<\/div>\n<\/div><div class=\"wpcf7-response-output\" aria-hidden=\"true\"><\/div>\n<\/form>\n<\/div>\n[\/vc_column][\/vc_row]<\/p>\n<\/div>","protected":false},"excerpt":{"rendered":"<p>[vc_row row_height_percent=&#8221;0&#8243; override_padding=&#8221;yes&#8221; h_padding=&#8221;0&#8243; top_padding=&#8221;0&#8243; bottom_padding=&#8221;2&#8243; overlay_alpha=&#8221;50&#8243; gutter_size=&#8221;3&#8243; shift_y=&#8221;0&#8243;][vc_column width=&#8221;1\/1&#8243;][vc_gmaps latlon=&#8221;60.430032, 22.321627&#8243; size=&#8221;420&#8243; map_color=&#8221;,Default&#8221; ui_color=&#8221;,Default&#8221; zoom=&#8221;15&#8243; map_saturation=&#8221;-20&#8243; map_brightness=&#8221;5&#8243;][\/vc_column][\/vc_row][vc_row unlock_row=&#8221;&#8221; row_height_percent=&#8221;0&#8243; [&hellip;]<\/p>\n","protected":false},"author":1,"featured_media":0,"parent":0,"menu_order":71,"comment_status":"closed","ping_status":"closed","template":"","meta":{"footnotes":""},"class_list":["post-383","page","type-page","status-publish","hentry"],"publishpress_future_action":{"enabled":false,"date":"2026-04-12 15:03:45","action":"change-status","newStatus":"draft","terms":[],"taxonomy":"page_category","extraData":[]},"publishpress_future_workflow_manual_trigger":{"enabledWorkflows":[]},"_links":{"self":[{"href":"https:\/\/www.skanssinapteekki.fi\/sv\/wp-json\/wp\/v2\/pages\/383","targetHints":{"allow":["GET"]}}],"collection":[{"href":"https:\/\/www.skanssinapteekki.fi\/sv\/wp-json\/wp\/v2\/pages"}],"about":[{"href":"https:\/\/www.skanssinapteekki.fi\/sv\/wp-json\/wp\/v2\/types\/page"}],"author":[{"embeddable":true,"href":"https:\/\/www.skanssinapteekki.fi\/sv\/wp-json\/wp\/v2\/users\/1"}],"replies":[{"embeddable":true,"href":"https:\/\/www.skanssinapteekki.fi\/sv\/wp-json\/wp\/v2\/comments?post=383"}],"version-history":[{"count":11,"href":"https:\/\/www.skanssinapteekki.fi\/sv\/wp-json\/wp\/v2\/pages\/383\/revisions"}],"predecessor-version":[{"id":6292,"href":"https:\/\/www.skanssinapteekki.fi\/sv\/wp-json\/wp\/v2\/pages\/383\/revisions\/6292"}],"wp:attachment":[{"href":"https:\/\/www.skanssinapteekki.fi\/sv\/wp-json\/wp\/v2\/media?parent=383"}],"curies":[{"name":"wp","href":"https:\/\/api.w.org\/{rel}","templated":true}]}}