{"id":396,"date":"2016-10-27T15:47:18","date_gmt":"2016-10-27T12:47:18","guid":{"rendered":"http:\/\/www.skanssinapteekki.fi\/sv\/?page_id=396"},"modified":"2016-10-27T15:47:18","modified_gmt":"2016-10-27T12:47:18","slug":"foernyande-av-recept","status":"publish","type":"page","link":"https:\/\/www.skanssinapteekki.fi\/sv\/tjaenster\/foernyande-av-recept\/","title":{"rendered":"F\u00f6rnyande av recept"},"content":{"rendered":"<div class=\"wpb-content-wrapper\"><p>[vc_row][vc_column column_width_percent=&#8221;100&#8243; overlay_alpha=&#8221;50&#8243; gutter_size=&#8221;3&#8243; medium_width=&#8221;0&#8243; shift_x=&#8221;0&#8243; shift_y=&#8221;0&#8243; z_index=&#8221;0&#8243; width=&#8221;1\/4&#8243; el_class=&#8221;sivupalkki&#8221;][vc_column_text]<\/p>\n<h3>Tj\u00e4nster<\/h3>\n<p>[\/vc_column_text][vc_column_text]<!-- Widget Shortcode --><div id=\"my_avatar-2\" class=\"widget widget_fiat_sidebar_nav widget-shortcode area-arbitrary \">           \t<ul class=\"page-list\">\n\t\t\t\t<li class=\"page_item page-item-396\"><a href=\"https:\/\/www.skanssinapteekki.fi\/sv\/tjaenster\/foernyande-av-recept\/\">F\u00f6rnyande av recept<\/a><\/li>\n<li class=\"page_item page-item-399\"><a href=\"https:\/\/www.skanssinapteekki.fi\/sv\/tjaenster\/maskinell-dosdispensering\/\">Maskinell dosdispensering<\/a><\/li>\n<li class=\"page_item page-item-403\"><a href=\"https:\/\/www.skanssinapteekki.fi\/sv\/tjaenster\/schengenintyg\/\">Schengenintyg<\/a><\/li>\n<li class=\"page_item page-item-407\"><a href=\"https:\/\/www.skanssinapteekki.fi\/sv\/tjaenster\/personligt-laekemedelskort\/\">Personligt l\u00e4kemedelskort<\/a><\/li>\n<li class=\"page_item page-item-409\"><a href=\"https:\/\/www.skanssinapteekki.fi\/sv\/tjaenster\/medicinering-omdoeme\/\">Medicinering omd\u00f6me<\/a><\/li>\n\t\t\t<\/ul>\n        <\/div><!-- \/Widget Shortcode -->[\/vc_column_text][\/vc_column][vc_column width=&#8221;3\/4&#8243;][vc_column_text]<\/p>\n<h2>F\u00f6rnyande av recept<\/h2>\n<p>Ett recept \u00e4r i kraft ett \u00e5r r\u00e4knat fr\u00e5n f\u00f6rskrivnings- eller f\u00f6rnyelsedagen, f\u00f6rutsatt att det finns outtagna mediciner kvar p\u00e5 receptet. \u00d6ver ett \u00e5r gamla recept m\u00e5ste alltid f\u00f6rnyas \u00e4ven om det finns kvar outtagna mediciner p\u00e5 receptet. Ofta \u00e4r det m\u00f6jligt att l\u00e4mna in receptet p\u00e5 apoteket f\u00f6r f\u00f6rnyande. Det rekommenderas \u00e4nd\u00e5 att patienten kontaktar l\u00e4karen minst en g\u00e5ng \u00e5rligen.<\/p>\n<p>Om du inte beh\u00f6ver kontakta l\u00e4karen, kan vi f\u00f6rnya ditt recept. Det tar 1-7 dagar att f\u00f6rnya ett recept.<\/p>\n<p>Alla recept kan inte l\u00e4mnas in p\u00e5 apoteket f\u00f6r f\u00f6rnyande.<\/p>\n<ul class=\"index\">\n<li>Ett telefonrecept kan inte f\u00f6rnyas.<\/li>\n<li>Ett recept som \u00e4r mer \u00e4n ett \u00e5r gammalt kan inte f\u00f6rnyas.<\/li>\n<li>L\u00e4kemedel som p\u00e5verkar det centrala nervsystemet (t.ex. s\u00f6mnmedicin och starka v\u00e4rkmediciner) kan inte f\u00f6rnyas.<\/li>\n<li>L\u00e4karen f\u00f6rnyar s\u00e4llan antibiotikakurer utan att tr\u00e4ffa patienten.<\/li>\n<\/ul>\n<p>I ovan n\u00e4mnda fall ber vi dig kontakta din l\u00e4kare.F\u00f6rnyande av recept \u00e4r en avgiftsbelagd tj\u00e4nst.[\/vc_column_text][\/vc_column][\/vc_row]<\/p>\n<\/div>","protected":false},"excerpt":{"rendered":"<p>[vc_row][vc_column column_width_percent=&#8221;100&#8243; overlay_alpha=&#8221;50&#8243; gutter_size=&#8221;3&#8243; medium_width=&#8221;0&#8243; shift_x=&#8221;0&#8243; shift_y=&#8221;0&#8243; z_index=&#8221;0&#8243; width=&#8221;1\/4&#8243; el_class=&#8221;sivupalkki&#8221;][vc_column_text] Tj\u00e4nster [\/vc_column_text][vc_column_text][\/vc_column_text][\/vc_column][vc_column width=&#8221;3\/4&#8243;][vc_column_text] F\u00f6rnyande av recept Ett recept \u00e4r i [&hellip;]<\/p>\n","protected":false},"author":1,"featured_media":0,"parent":379,"menu_order":39,"comment_status":"closed","ping_status":"closed","template":"","meta":{"footnotes":""},"class_list":["post-396","page","type-page","status-publish","hentry"],"publishpress_future_action":{"enabled":false,"date":"2026-04-12 15:22:43","action":"change-status","newStatus":"draft","terms":[],"taxonomy":"page_category","extraData":[]},"publishpress_future_workflow_manual_trigger":{"enabledWorkflows":[]},"_links":{"self":[{"href":"https:\/\/www.skanssinapteekki.fi\/sv\/wp-json\/wp\/v2\/pages\/396","targetHints":{"allow":["GET"]}}],"collection":[{"href":"https:\/\/www.skanssinapteekki.fi\/sv\/wp-json\/wp\/v2\/pages"}],"about":[{"href":"https:\/\/www.skanssinapteekki.fi\/sv\/wp-json\/wp\/v2\/types\/page"}],"author":[{"embeddable":true,"href":"https:\/\/www.skanssinapteekki.fi\/sv\/wp-json\/wp\/v2\/users\/1"}],"replies":[{"embeddable":true,"href":"https:\/\/www.skanssinapteekki.fi\/sv\/wp-json\/wp\/v2\/comments?post=396"}],"version-history":[{"count":1,"href":"https:\/\/www.skanssinapteekki.fi\/sv\/wp-json\/wp\/v2\/pages\/396\/revisions"}],"predecessor-version":[{"id":397,"href":"https:\/\/www.skanssinapteekki.fi\/sv\/wp-json\/wp\/v2\/pages\/396\/revisions\/397"}],"up":[{"embeddable":true,"href":"https:\/\/www.skanssinapteekki.fi\/sv\/wp-json\/wp\/v2\/pages\/379"}],"wp:attachment":[{"href":"https:\/\/www.skanssinapteekki.fi\/sv\/wp-json\/wp\/v2\/media?parent=396"}],"curies":[{"name":"wp","href":"https:\/\/api.w.org\/{rel}","templated":true}]}}