{"id":399,"date":"2016-10-27T16:03:22","date_gmt":"2016-10-27T13:03:22","guid":{"rendered":"http:\/\/www.skanssinapteekki.fi\/sv\/?page_id=399"},"modified":"2016-10-27T16:04:09","modified_gmt":"2016-10-27T13:04:09","slug":"maskinell-dosdispensering","status":"publish","type":"page","link":"https:\/\/www.skanssinapteekki.fi\/sv\/tjaenster\/maskinell-dosdispensering\/","title":{"rendered":"Maskinell dosdispensering"},"content":{"rendered":"<div class=\"wpb-content-wrapper\"><p>[vc_row][vc_column column_width_percent=&#8221;100&#8243; overlay_alpha=&#8221;50&#8243; gutter_size=&#8221;3&#8243; medium_width=&#8221;0&#8243; shift_x=&#8221;0&#8243; shift_y=&#8221;0&#8243; z_index=&#8221;0&#8243; width=&#8221;1\/4&#8243; el_class=&#8221;sivupalkki&#8221;][vc_column_text]<\/p>\n<h3>Tj\u00e4nster<\/h3>\n<p>[\/vc_column_text][vc_column_text]<!-- Widget Shortcode --><div id=\"my_avatar-2\" class=\"widget widget_fiat_sidebar_nav widget-shortcode area-arbitrary \">           \t<ul class=\"page-list\">\n\t\t\t\t<li class=\"page_item page-item-396\"><a href=\"https:\/\/www.skanssinapteekki.fi\/sv\/tjaenster\/foernyande-av-recept\/\">F\u00f6rnyande av recept<\/a><\/li>\n<li class=\"page_item page-item-399\"><a href=\"https:\/\/www.skanssinapteekki.fi\/sv\/tjaenster\/maskinell-dosdispensering\/\">Maskinell dosdispensering<\/a><\/li>\n<li class=\"page_item page-item-403\"><a href=\"https:\/\/www.skanssinapteekki.fi\/sv\/tjaenster\/schengenintyg\/\">Schengenintyg<\/a><\/li>\n<li class=\"page_item page-item-407\"><a href=\"https:\/\/www.skanssinapteekki.fi\/sv\/tjaenster\/personligt-laekemedelskort\/\">Personligt l\u00e4kemedelskort<\/a><\/li>\n<li class=\"page_item page-item-409\"><a href=\"https:\/\/www.skanssinapteekki.fi\/sv\/tjaenster\/medicinering-omdoeme\/\">Medicinering omd\u00f6me<\/a><\/li>\n\t\t\t<\/ul>\n        <\/div><!-- \/Widget Shortcode -->[\/vc_column_text][\/vc_column][vc_column width=&#8221;3\/4&#8243;][vc_column_text]<\/p>\n<h2>Maskinell dosdispensering<\/h2>\n<p>En kund, som omfattas av dosdispenseringsservicen, f\u00e5r sina l\u00e4kemedel f\u00f6rpackade i dosp\u00e5sar f\u00f6r tv\u00e5 veckors bruk per g\u00e5ng. Kunden f\u00e5r i samband med varje expediering ett uppdaterat medicineringskort, d\u00e4r alla l\u00e4kemedel som \u00e4r i anv\u00e4ndning samt deras dosering kommer fram.<\/p>\n<p>Maskinell dosdispensering f\u00f6rb\u00e4ttrar l\u00e4kemedelstryggheten, fr\u00e4mjar en lyckad l\u00e4kemedelsbehandling och s\u00e4nker l\u00e4kemedelskostnaderna. Dosdispensering passar f\u00f6r personer som kontinuerligt anv\u00e4nder flera olika l\u00e4kemedel eller har sv\u00e5rt att komma ih\u00e5g sin dagliga medicinering.<\/p>\n<p>F\u00f6re p\u00e5b\u00f6rjandet av dosdispenseringen g\u00f6rs p\u00e5 apoteket en kontroll av kundens helhetsmedicinering. Kontroll av helhetsmedicineringen g\u00f6rs f\u00f6r ta reda p\u00e5 ifall kunden har on\u00f6diga mediciner eller dubbelmedicinering, och f\u00f6r att kontrollera att de l\u00e4kemedel som \u00e4r i anv\u00e4ndning kan anv\u00e4ndas samtidigt. Med hj\u00e4lp av kontrollen \u00e4r det m\u00f6jligt att slopa skadliga l\u00e4kemedelskombinationer och minska patienternas l\u00e4kemedelsb\u00f6rda. Saker som kommer fram i kontrollen diskuteras med patientens v\u00e5rdande l\u00e4kare, som besluter om eventuella \u00e4ndringar i medicineringen.<\/p>\n<h4>Inbesparing av l\u00e4kemedelskostnader<\/h4>\n<p>I den maskinella dosdispenseringen betalar kunden endast f\u00f6r de l\u00e4kemedel som expedierats till honom\/henne \u2013 inte som i vanliga fall f\u00f6r hela l\u00e4kemedelsf\u00f6rpackningar. P\u00e5 detta s\u00e4tt minskar l\u00e4kemedelsavfallet: hemma samlas det inte l\u00e4ngre on\u00f6diga l\u00e4kemedel. I dosdispenseringen anv\u00e4nds f\u00f6rm\u00e5nliga l\u00e4kemedel, som omfattas av systemet med l\u00e4kemedelsutbyte. Till exempel kan ett nytt l\u00e4kemedel pr\u00f6vas i tv\u00e5 veckor och \u00e4ven komplicerade specialdoseringar \u00e4r m\u00f6jliga.<\/p>\n<h4>FPA-ers\u00e4ttningar<\/h4>\n<p>Apoteket tar ett arvode f\u00f6r maskinell dosdispensering. I dosdispenseringsarvodet ing\u00e5r dosp\u00e5sar, kontroll av helhetsmedicinering, uppdatering av l\u00e4kemedelslistor och f\u00f6rnyandet av recept. FPA ers\u00e4tter en del av dosdispenseringsarvodet (42 % per 3,00 e \/ vecka). Villkor f\u00f6r ers\u00e4ttande av arvodet \u00e4r att kunden \u00e4r \u00f6ver 75 \u00e5r gammal; anv\u00e4nder minst sex ers\u00e4ttningsgilla l\u00e4kemedel som l\u00e4mpar sig f\u00f6r dosdispensering; att en kontroll av helhetsmedicineringen \u00e4r gjord och att l\u00e4karen bekr\u00e4ftar dosdispenseringen med att m\u00e4rka &#8221;dosdispensering&#8221; i receptet.<\/p>\n<h4>F\u00f6rdelar av maskinell dosdispensering<\/h4>\n<ul>\n<li>Inbesparing av l\u00e4kemedelskostnader<\/li>\n<li>Patienten betalar endast f\u00f6r de l\u00e4kemedel som expedierats till honom\/henne<\/li>\n<li>L\u00e4kemedlen \u00e4r doserade fr\u00e5n st\u00f6rre f\u00f6rpackningar &#8211; enhetspriserna \u00e4r l\u00e4gre<\/li>\n<li>I dosdispenseringen anv\u00e4nds l\u00e4kemedel, som omfattas av systemet med l\u00e4kemedelsutbyte, det vill s\u00e4ga patienten f\u00e5r vanligen ers\u00e4ttning.<\/li>\n<li>Det \u00e4r m\u00f6jligt att handla l\u00e4kemedel i m\u00e4ngder som \u00e4r mindre \u00e4n minsta f\u00f6rpackningsstorlek, t.ex. n\u00e4r man pr\u00f6var ett nytt l\u00e4kemedel.<\/li>\n<li>Trygg, hygienisk och l\u00e4tt.<\/li>\n<li>\u00d6kar patienttryggheten: inga on\u00f6diga l\u00e4kemedel samlas hemma och misstag i dosdispenseringen \u00e4r v\u00e4ldigt ovanliga.<\/li>\n<li>Kontroll av helhetsmedicinering<\/li>\n<li>I samarbete med v\u00e5rdande l\u00e4kare kontrolleras dubbelmedicinering, interaktioner och on\u00f6dig medicinering.<\/li>\n<li>Patienten f\u00e5r med 2 veckors mellanrum ett medicineringskort, d\u00e4r alla l\u00e4kemedel som \u00e4r i anv\u00e4ndning samt deras dosering kommer fram.<\/li>\n<\/ul>\n<p><strong>Maskinell dosdispensering \u00e4r en avgiftsbelagd tj\u00e4nst.<\/strong><\/p>\n<p>Mer infomation om maskinell dosdispensering av l\u00e4kemedel\u00a0<a class=\"muutLinkit\" href=\"http:\/\/www.apteekkariliitto.fi\/asiakkaille\/annosjakelupalvelu.html\">Apotekaref\u00f6rbundet (p\u00e5 finska) <\/a><br \/>\nMer infomation om maskinell dosdispensering av l\u00e4kemedel\u00a0<a class=\"muutLinkit\" href=\"http:\/\/www.pharmac.fi\/index.html\">Pharmac Finland Oy (p\u00e5 finska)<\/a>\u00a0<span style=\"font-size: 16px;\">[\/vc_column_text][\/vc_column][\/vc_row]<\/span><\/p>\n<\/div>","protected":false},"excerpt":{"rendered":"<p>[vc_row][vc_column column_width_percent=&#8221;100&#8243; overlay_alpha=&#8221;50&#8243; gutter_size=&#8221;3&#8243; medium_width=&#8221;0&#8243; shift_x=&#8221;0&#8243; shift_y=&#8221;0&#8243; z_index=&#8221;0&#8243; width=&#8221;1\/4&#8243; el_class=&#8221;sivupalkki&#8221;][vc_column_text] Tj\u00e4nster [\/vc_column_text][vc_column_text][\/vc_column_text][\/vc_column][vc_column width=&#8221;3\/4&#8243;][vc_column_text] Maskinell dosdispensering En kund, som omfattas av [&hellip;]<\/p>\n","protected":false},"author":1,"featured_media":0,"parent":379,"menu_order":44,"comment_status":"closed","ping_status":"closed","template":"","meta":{"footnotes":""},"class_list":["post-399","page","type-page","status-publish","hentry"],"publishpress_future_action":{"enabled":false,"date":"2026-04-12 07:32:18","action":"change-status","newStatus":"draft","terms":[],"taxonomy":"page_category","extraData":[]},"publishpress_future_workflow_manual_trigger":{"enabledWorkflows":[]},"_links":{"self":[{"href":"https:\/\/www.skanssinapteekki.fi\/sv\/wp-json\/wp\/v2\/pages\/399","targetHints":{"allow":["GET"]}}],"collection":[{"href":"https:\/\/www.skanssinapteekki.fi\/sv\/wp-json\/wp\/v2\/pages"}],"about":[{"href":"https:\/\/www.skanssinapteekki.fi\/sv\/wp-json\/wp\/v2\/types\/page"}],"author":[{"embeddable":true,"href":"https:\/\/www.skanssinapteekki.fi\/sv\/wp-json\/wp\/v2\/users\/1"}],"replies":[{"embeddable":true,"href":"https:\/\/www.skanssinapteekki.fi\/sv\/wp-json\/wp\/v2\/comments?post=399"}],"version-history":[{"count":2,"href":"https:\/\/www.skanssinapteekki.fi\/sv\/wp-json\/wp\/v2\/pages\/399\/revisions"}],"predecessor-version":[{"id":401,"href":"https:\/\/www.skanssinapteekki.fi\/sv\/wp-json\/wp\/v2\/pages\/399\/revisions\/401"}],"up":[{"embeddable":true,"href":"https:\/\/www.skanssinapteekki.fi\/sv\/wp-json\/wp\/v2\/pages\/379"}],"wp:attachment":[{"href":"https:\/\/www.skanssinapteekki.fi\/sv\/wp-json\/wp\/v2\/media?parent=399"}],"curies":[{"name":"wp","href":"https:\/\/api.w.org\/{rel}","templated":true}]}}