{"id":403,"date":"2016-10-27T16:06:30","date_gmt":"2016-10-27T13:06:30","guid":{"rendered":"http:\/\/www.skanssinapteekki.fi\/sv\/?page_id=403"},"modified":"2016-10-27T16:06:43","modified_gmt":"2016-10-27T13:06:43","slug":"schengenintyg","status":"publish","type":"page","link":"https:\/\/www.skanssinapteekki.fi\/sv\/tjaenster\/schengenintyg\/","title":{"rendered":"Schengenintyg"},"content":{"rendered":"<div class=\"wpb-content-wrapper\"><p>[vc_row][vc_column column_width_percent=&#8221;100&#8243; overlay_alpha=&#8221;50&#8243; gutter_size=&#8221;3&#8243; medium_width=&#8221;0&#8243; shift_x=&#8221;0&#8243; shift_y=&#8221;0&#8243; z_index=&#8221;0&#8243; width=&#8221;1\/4&#8243; el_class=&#8221;sivupalkki&#8221;][vc_column_text]<\/p>\n<h3>Tj\u00e4nster<\/h3>\n<p>[\/vc_column_text][vc_column_text]<!-- Widget Shortcode --><div id=\"my_avatar-2\" class=\"widget widget_fiat_sidebar_nav widget-shortcode area-arbitrary \">           \t<ul class=\"page-list\">\n\t\t\t\t<li class=\"page_item page-item-396\"><a href=\"https:\/\/www.skanssinapteekki.fi\/sv\/tjaenster\/foernyande-av-recept\/\">F\u00f6rnyande av recept<\/a><\/li>\n<li class=\"page_item page-item-399\"><a href=\"https:\/\/www.skanssinapteekki.fi\/sv\/tjaenster\/maskinell-dosdispensering\/\">Maskinell dosdispensering<\/a><\/li>\n<li class=\"page_item page-item-403\"><a href=\"https:\/\/www.skanssinapteekki.fi\/sv\/tjaenster\/schengenintyg\/\">Schengenintyg<\/a><\/li>\n<li class=\"page_item page-item-407\"><a href=\"https:\/\/www.skanssinapteekki.fi\/sv\/tjaenster\/personligt-laekemedelskort\/\">Personligt l\u00e4kemedelskort<\/a><\/li>\n<li class=\"page_item page-item-409\"><a href=\"https:\/\/www.skanssinapteekki.fi\/sv\/tjaenster\/medicinering-omdoeme\/\">Medicinering omd\u00f6me<\/a><\/li>\n\t\t\t<\/ul>\n        <\/div><!-- \/Widget Shortcode -->[\/vc_column_text][\/vc_column][vc_column width=&#8221;3\/4&#8243;][vc_column_text]<\/p>\n<h2>Schengenintyg<\/h2>\n<p>F\u00f6r inf\u00f6rande av l\u00e4kemedelspreparat fr\u00e5n en Schengenstat som inneh\u00e5ller narkotika eller psykotropa \u00e4mnen m\u00e5ste man vid behov kunna uppvisa ett s.k. Schengenintyg \u00f6ver ifr\u00e5gavarande l\u00e4kemedel.<\/p>\n<p>Till Schengenstaterna h\u00f6r Belgien, Danmark, Estland, Finland, Frankrike, Grekland, Holland, Island, Italien, Lettland, Litauen, Luxemburg, Malta, Norge, Polen, Portugal, Slovakien, Slovenien, Spanien, Sverige, Tjeckien, Tyskland, Ungern och \u00d6sterrike.<\/p>\n<p>Ett apotek kan i enlighet med f\u00f6r\u00e4ndringen av l\u00e4kemedelslagen fr\u00e5n \u00e5r 2003 skriva ut intyget, men bara till personer som \u00e4r huvudsakligen bosatta i Finland. F\u00f6r att f\u00e5 ett Schengenintyg m\u00e5ste den som ans\u00f6ker om intyget ha med sig l\u00e4kemedelsf\u00f6rpackningen, receptet och resedokument, vanligen pass eller alternativt ett identitetskort. Passets nummer antecknas i intyget. Det \u00e4r ocks\u00e5 m\u00f6jligt att ge intyget till ett barn som \u00e4r inf\u00f6rt i sina f\u00f6r\u00e4ldrars pass. Om personen reser i de nordiska l\u00e4nderna och saknar pass kan personbeteckningen skrivas i Schengenintyget. Apoteket eller filialapoteket fyller i intyget och undertecknar det. Det \u00e4r m\u00f6jligt att f\u00e5 ett Schengenintyg utskrivet i samband med expedieringen av l\u00e4kemedlet eller senare fr\u00e5n samma apotek som expedierat l\u00e4kemedlet. Intyget \u00e4r i kraft 30 dagar fr\u00e5n resans startdatum.<\/p>\n<p>Utskrivande av Schengenintyg \u00e4r en avgiftsbelagd tj\u00e4nst.<\/p>\n<p>Ladda ner blankett f\u00f6r Schengenintyg <a class=\"muutLinkit\" href=\"http:\/\/www.nam.fi\/julkaisut\/lomakkeet\/hakemukset\">h\u00e4r<\/a>.[\/vc_column_text][\/vc_column][\/vc_row]<\/p>\n<\/div>","protected":false},"excerpt":{"rendered":"<p>[vc_row][vc_column column_width_percent=&#8221;100&#8243; overlay_alpha=&#8221;50&#8243; gutter_size=&#8221;3&#8243; medium_width=&#8221;0&#8243; shift_x=&#8221;0&#8243; shift_y=&#8221;0&#8243; z_index=&#8221;0&#8243; width=&#8221;1\/4&#8243; el_class=&#8221;sivupalkki&#8221;][vc_column_text] Tj\u00e4nster [\/vc_column_text][vc_column_text][\/vc_column_text][\/vc_column][vc_column width=&#8221;3\/4&#8243;][vc_column_text] Schengenintyg F\u00f6r inf\u00f6rande av l\u00e4kemedelspreparat fr\u00e5n en [&hellip;]<\/p>\n","protected":false},"author":1,"featured_media":0,"parent":379,"menu_order":54,"comment_status":"closed","ping_status":"closed","template":"","meta":{"footnotes":""},"class_list":["post-403","page","type-page","status-publish","hentry"],"publishpress_future_action":{"enabled":false,"date":"2026-04-12 15:09:48","action":"change-status","newStatus":"draft","terms":[],"taxonomy":"page_category","extraData":[]},"publishpress_future_workflow_manual_trigger":{"enabledWorkflows":[]},"_links":{"self":[{"href":"https:\/\/www.skanssinapteekki.fi\/sv\/wp-json\/wp\/v2\/pages\/403","targetHints":{"allow":["GET"]}}],"collection":[{"href":"https:\/\/www.skanssinapteekki.fi\/sv\/wp-json\/wp\/v2\/pages"}],"about":[{"href":"https:\/\/www.skanssinapteekki.fi\/sv\/wp-json\/wp\/v2\/types\/page"}],"author":[{"embeddable":true,"href":"https:\/\/www.skanssinapteekki.fi\/sv\/wp-json\/wp\/v2\/users\/1"}],"replies":[{"embeddable":true,"href":"https:\/\/www.skanssinapteekki.fi\/sv\/wp-json\/wp\/v2\/comments?post=403"}],"version-history":[{"count":2,"href":"https:\/\/www.skanssinapteekki.fi\/sv\/wp-json\/wp\/v2\/pages\/403\/revisions"}],"predecessor-version":[{"id":405,"href":"https:\/\/www.skanssinapteekki.fi\/sv\/wp-json\/wp\/v2\/pages\/403\/revisions\/405"}],"up":[{"embeddable":true,"href":"https:\/\/www.skanssinapteekki.fi\/sv\/wp-json\/wp\/v2\/pages\/379"}],"wp:attachment":[{"href":"https:\/\/www.skanssinapteekki.fi\/sv\/wp-json\/wp\/v2\/media?parent=403"}],"curies":[{"name":"wp","href":"https:\/\/api.w.org\/{rel}","templated":true}]}}