{"id":409,"date":"2016-10-27T16:12:09","date_gmt":"2016-10-27T13:12:09","guid":{"rendered":"http:\/\/www.skanssinapteekki.fi\/sv\/?page_id=409"},"modified":"2016-10-27T16:12:09","modified_gmt":"2016-10-27T13:12:09","slug":"medicinering-omdoeme","status":"publish","type":"page","link":"https:\/\/www.skanssinapteekki.fi\/sv\/tjaenster\/medicinering-omdoeme\/","title":{"rendered":"Medicinering omd\u00f6me"},"content":{"rendered":"<div class=\"wpb-content-wrapper\"><p>[vc_row][vc_column column_width_percent=&#8221;100&#8243; overlay_alpha=&#8221;50&#8243; gutter_size=&#8221;3&#8243; medium_width=&#8221;0&#8243; shift_x=&#8221;0&#8243; shift_y=&#8221;0&#8243; z_index=&#8221;0&#8243; width=&#8221;1\/4&#8243; el_class=&#8221;sivupalkki&#8221;][vc_column_text]<\/p>\n<h3>Tj\u00e4nster<\/h3>\n<p>[\/vc_column_text][vc_column_text]<!-- Widget Shortcode --><div id=\"my_avatar-2\" class=\"widget widget_fiat_sidebar_nav widget-shortcode area-arbitrary \">           \t<ul class=\"page-list\">\n\t\t\t\t<li class=\"page_item page-item-396\"><a href=\"https:\/\/www.skanssinapteekki.fi\/sv\/tjaenster\/foernyande-av-recept\/\">F\u00f6rnyande av recept<\/a><\/li>\n<li class=\"page_item page-item-399\"><a href=\"https:\/\/www.skanssinapteekki.fi\/sv\/tjaenster\/maskinell-dosdispensering\/\">Maskinell dosdispensering<\/a><\/li>\n<li class=\"page_item page-item-403\"><a href=\"https:\/\/www.skanssinapteekki.fi\/sv\/tjaenster\/schengenintyg\/\">Schengenintyg<\/a><\/li>\n<li class=\"page_item page-item-407\"><a href=\"https:\/\/www.skanssinapteekki.fi\/sv\/tjaenster\/personligt-laekemedelskort\/\">Personligt l\u00e4kemedelskort<\/a><\/li>\n<li class=\"page_item page-item-409\"><a href=\"https:\/\/www.skanssinapteekki.fi\/sv\/tjaenster\/medicinering-omdoeme\/\">Medicinering omd\u00f6me<\/a><\/li>\n\t\t\t<\/ul>\n        <\/div><!-- \/Widget Shortcode -->[\/vc_column_text][\/vc_column][vc_column width=&#8221;3\/4&#8243;][vc_column_text]<\/p>\n<h2>Medicinering omd\u00f6me<\/h2>\n<p>M\u00e5nga \u00e5ldringar anv\u00e4nder l\u00e4kemedel som f\u00f6rs\u00e4mrar livskvaliteten eller \u00f6kar on\u00f6digt patientens v\u00e5rdkostnader. Ibland anv\u00e4nds l\u00e4kemedel f\u00f6r att minska biverkningar av andra l\u00e4kemedel. Ibland kan l\u00e4kemedel som \u00e4r avsedda f\u00f6r kortvarigt bruk bli kvar i l\u00e5ngvarigt bruk. I v\u00e4rsta fall kan \u00e5ldringen hamna p\u00e5 sjukhus p\u00e5 grund av l\u00e4kemedelsrelaterade problem.<\/p>\n<p>Helhetsbed\u00f6mning av l\u00e4kemedelsbehandling f\u00f6rverkligas i samarbete med v\u00e5rdande l\u00e4kare. Med hj\u00e4lp av helhetsbed\u00f6mningen f\u00f6rs\u00f6ker man identifiera och fastst\u00e4lla patientens l\u00e4kemedelsrelaterade problem. Med b\u00e4ttre v\u00e5rdplanering och kontroll kan man f\u00f6rebygga m\u00e5nga problem. N\u00f6dv\u00e4ndighet och l\u00e4kemedelstrygghet, indikationer, dosering, m\u00f6jliga samverkningar samt f\u00f6rverkligande av medicinering skall utv\u00e4rderas \u00e5rligen \u00e4ven om det inte skett n\u00e5gra \u00e4ndringar i patientens tillst\u00e5nd<\/p>\n<p>Helhetsbed\u00f6mning av l\u00e4kemedelsbehandling \u00e4r mycket mer omfattande \u00e4n en vanlig kontroll av kundens medicinering. I helhetsbed\u00f6mningen ing\u00e5r en grundlig utredning av patientens sjukdomar och medicinering, potentiella problem med medicineringen och f\u00f6rslag om hur problem relaterade till medicineringen kan l\u00f6sas. Det \u00e4r l\u00e4karen som oftast fattar beslut om att utf\u00f6ra en helhetsbed\u00f6mning av l\u00e4kemedelsbehandling, men ocks\u00e5 patienten, patientens anh\u00f6riga eller v\u00e5rdpersonalen kan ta initiativ. Motivet till att utf\u00f6ra en helhetsbed\u00f6mning kan vara till exempel en d\u00e5lig f\u00f6ljsamhet till behandling, problem med genomf\u00f6randet av medicineringen, misstanke om skadlig medicinering eller interaktioner, d\u00e5ligt v\u00e5rdresultat, irrationell medicinering, fem eller fler olika l\u00e4kemedel, flera v\u00e5rdande l\u00e4kare eller h\u00f6ga l\u00e4kemedelskostnader. Patientens h\u00f6ga \u00e5lder i kombination med n\u00e5gon av de ovann\u00e4mnda faktorerna \u00e4r en tydlig anledning till att utf\u00f6ra en helhetsbed\u00f6mning av l\u00e4kemedelsbehandling.<\/p>\n<p>Helhetsbed\u00f6mning av l\u00e4kemedelsbehandling \u00e4r en avgiftsbelagd tj\u00e4nst. Det finns tv\u00e5 servicepaket av olika pris och omfattning.[\/vc_column_text][\/vc_column][\/vc_row]<\/p>\n<\/div>","protected":false},"excerpt":{"rendered":"<p>[vc_row][vc_column column_width_percent=&#8221;100&#8243; overlay_alpha=&#8221;50&#8243; gutter_size=&#8221;3&#8243; medium_width=&#8221;0&#8243; shift_x=&#8221;0&#8243; shift_y=&#8221;0&#8243; z_index=&#8221;0&#8243; width=&#8221;1\/4&#8243; el_class=&#8221;sivupalkki&#8221;][vc_column_text] Tj\u00e4nster [\/vc_column_text][vc_column_text][\/vc_column_text][\/vc_column][vc_column width=&#8221;3\/4&#8243;][vc_column_text] Medicinering omd\u00f6me M\u00e5nga \u00e5ldringar anv\u00e4nder l\u00e4kemedel som [&hellip;]<\/p>\n","protected":false},"author":1,"featured_media":0,"parent":379,"menu_order":67,"comment_status":"closed","ping_status":"closed","template":"","meta":{"footnotes":""},"class_list":["post-409","page","type-page","status-publish","hentry"],"publishpress_future_action":{"enabled":false,"date":"2026-04-12 15:31:49","action":"change-status","newStatus":"draft","terms":[],"taxonomy":"page_category","extraData":[]},"publishpress_future_workflow_manual_trigger":{"enabledWorkflows":[]},"_links":{"self":[{"href":"https:\/\/www.skanssinapteekki.fi\/sv\/wp-json\/wp\/v2\/pages\/409","targetHints":{"allow":["GET"]}}],"collection":[{"href":"https:\/\/www.skanssinapteekki.fi\/sv\/wp-json\/wp\/v2\/pages"}],"about":[{"href":"https:\/\/www.skanssinapteekki.fi\/sv\/wp-json\/wp\/v2\/types\/page"}],"author":[{"embeddable":true,"href":"https:\/\/www.skanssinapteekki.fi\/sv\/wp-json\/wp\/v2\/users\/1"}],"replies":[{"embeddable":true,"href":"https:\/\/www.skanssinapteekki.fi\/sv\/wp-json\/wp\/v2\/comments?post=409"}],"version-history":[{"count":1,"href":"https:\/\/www.skanssinapteekki.fi\/sv\/wp-json\/wp\/v2\/pages\/409\/revisions"}],"predecessor-version":[{"id":410,"href":"https:\/\/www.skanssinapteekki.fi\/sv\/wp-json\/wp\/v2\/pages\/409\/revisions\/410"}],"up":[{"embeddable":true,"href":"https:\/\/www.skanssinapteekki.fi\/sv\/wp-json\/wp\/v2\/pages\/379"}],"wp:attachment":[{"href":"https:\/\/www.skanssinapteekki.fi\/sv\/wp-json\/wp\/v2\/media?parent=409"}],"curies":[{"name":"wp","href":"https:\/\/api.w.org\/{rel}","templated":true}]}}